{"id":662,"date":"2022-07-18T14:23:22","date_gmt":"2022-07-18T14:23:22","guid":{"rendered":"https:\/\/texaslogisticservices.com\/?page_id=662"},"modified":"2025-08-15T22:30:01","modified_gmt":"2025-08-15T22:30:01","slug":"3pl-warehousing-in-lpg_city-lpg_state","status":"publish","type":"page","link":"https:\/\/texaslogisticservices.com\/tr\/3pl-warehousing-in-lpg_city-lpg_state\/","title":{"rendered":"3PL Warehousing in {{lpg_city}} {{lpg_state}}"},"content":{"rendered":"[vc_row full_width=&#8221;stretch_row&#8221; equal_height=&#8221;yes&#8221; el_class=&#8221;service-block-1&#8243; css=&#8221;.vc_custom_1655412885156{padding-top: 5rem !important;padding-bottom: 5rem !important;background-position: center !important;background-repeat: no-repeat !important;background-size: cover !important;}&#8221;][vc_column el_class=&#8221;service-block-col-1&#8243;][vc_raw_html]JTNDaDMlM0UlM0NzcGFuJTIwY2xhc3MlM0QlMjJmYXMlMjBmYS1wZW9wbGUtY2FycnklMjIlM0UlM0MlMkZzcGFuJTNFJTIwM1BMJTIwJTNDc3BhbiUyMGNsYXNzJTNEJTIycmVkJTIyJTNFV2FyZWhvdXNpbmclMjBJbiUyMCU3QiU3QmxwZ19jaXR5JTdEJTdEJTIwJTdCJTdCbHBnX3N0YXRlJTdEJTdEJTNDJTJGc3BhbiUzRSUzQyUyRmgzJTNF[\/vc_raw_html][norebro_text]<span style=\"font-weight: 400;\">Many businesses have experienced the downside of shipping and logistics: delays logging inventory, lost items, shrinkage, or lack of visibility. Texas Logistic Services can take care of those headaches for you. At our 3PL warehouse, we take extra measures to ensure no items are damaged or lost while under our care. <\/span><span style=\"font-weight: 400;\">Texas Logistic Services offers state-of-the-art <\/span><span style=\"font-weight: 400;\">3PL Warehousing in {{lpg_city}} {{lpg_state}} <\/span><span style=\"font-weight: 400;\">to help you develop a storage and distribution solution that fits your needs. Our modern facility features include secure storage, inventory management, and order fulfillment. <\/span><a href=\"https:\/\/texaslogisticservices.com\/tr\/contact-us\/\"><span style=\"font-weight: 400;\">Bize ula\u015f\u0131n<\/span><\/a><span style=\"font-weight: 400;\"> bug\u00fcn <\/span><a href=\"tel:+17133549217\"><span style=\"font-weight: 400;\">(713) 354-9217<\/span><\/a><span style=\"font-weight: 400;\"> to learn more about our 3PL warehousing in {{lpg_city}} {{lpg_state}}!<\/span>[\/norebro_text][vc_empty_space height=&#8221;20px&#8221;][vc_separator color=&#8221;custom&#8221; accent_color=&#8221;rgba(0,0,0,0.1)&#8221;][vc_empty_space][vc_row_inner equal_height=&#8221;yes&#8221; content_placement=&#8221;middle&#8221; css=&#8221;.vc_custom_1655395941692{padding-top: 2rem !important;}&#8221;][vc_column_inner width=&#8221;1\/2&#8243;][vc_single_image image=&#8221;51&#8243; img_size=&#8221;full&#8221;][\/vc_column_inner][vc_column_inner el_class=&#8221;custom-code-block&#8221; width=&#8221;1\/2&#8243;][vc_raw_html]JTNDZGl2JTIwY2xhc3MlM0QlMjJ2Y19yb3clMjIlM0UlMEElM0NkaXYlMjBjbGFzcyUzRCUyMndwYl9jb2x1bW4lMjB2Y19jb2wtc20tNiUyMiUzRSUwQSUzQ3NwYW4lMjBjbGFzcyUzRCUyMmljb24lMjBmYXMlMjBmYS1sYXB0b3AlMjIlM0UlM0MlMkZzcGFuJTNFJTBBJTNDaDQlM0UlM0NhJTIwaHJlZiUzRCUyMiUyMyUyMiUzRVdhcmVob3VzZSUyME1hbmFnZW1lbnQlMjBTb2Z0d2FyZSUzQyUyRmElM0UlM0MlMkZoNCUzRSUwQSUzQ3AlM0VSZWFsLXRpbWUlMjB3YXJlaG91c2UlMjBzdG9jayUyMG1hbmFnZW1lbnQlMjBhbmQlMjBvcHRpbWFsJTIwb3BlcmF0b3IlMjByb3V0ZXMuJTNDJTJGcCUzRSUwQSUzQyUyRmRpdiUzRSUwQSUzQ2RpdiUyMGNsYXNzJTNEJTIyd3BiX2NvbHVtbiUyMHZjX2NvbC1zbS02JTIyJTNFJTBBJTNDc3BhbiUyMGNsYXNzJTNEJTIyaWNvbiUyMGZhcyUyMGZhLWNsb2NrJTIyJTNFJTNDJTJGc3BhbiUzRSUwQSUzQ2g0JTNFJTNDYSUyMGhyZWYlM0QlMjIlMjMlMjIlM0UxLTIlMjBEYXklMjBEb2NrLXRvLVN0b2NrJTNDJTJGYSUzRSUzQyUyRmg0JTNFJTBBJTNDcCUzRU91ciUyMHdhcmVob3VzZSUyMHdpbGwlMjBhY2N1cmF0ZWx5JTIwcHJvY2VzcyUyMGV2ZXJ5JTIwc2luZ2xlJTIwaXRlbSUyMG9mJTIweW91ciUyMGludmVudG9yeSUyMHdpdGhpbiUyMDEtMiUyMGRheXMlMjBhZnRlciUyMGl0JTIwYXJyaXZlcy4lM0MlMkZwJTNFJTBBJTNDJTJGZGl2JTNFJTBBJTNDZGl2JTIwY2xhc3MlM0QlMjJ3cGJfY29sdW1uJTIwdmNfY29sLXNtLTYlMjIlMjBzdHlsZSUzRCUyMmZsb2F0JTNBJTIwcmlnaHQlM0IlMjIlM0UlMEElM0NzcGFuJTIwY2xhc3MlM0QlMjJpY29uJTIwZmFzJTIwZmEtZG9sbHklMjIlM0UlM0MlMkZzcGFuJTNFJTBBJTNDaDQlM0UlM0NhJTIwaHJlZiUzRCUyMiUyMyUyMiUzRUtpdHRpbmclMjBhbmQlMjBJbnNlcnRzJTNDJTJGYSUzRSUzQyUyRmg0JTNFJTBBJTNDcCUzRUFzJTIweW91ciUyMDNQTCUyMFdhcmVob3VzZSUyQyUyMHdlJTIwb2ZmZXIlMjBzZXJ2aWNlcyUyMHN1Y2glMjBhcyUyMGtpdHRpbmclMkMlMjBsaWdodCUyMGFzc2VtYmx5JTJDJTIwbWFya2V0aW5nJTIwaW5zZXJ0cyUyQyUyMGFuZCUyMG1vcmUuJTNDJTJGcCUzRSUwQSUzQyUyRmRpdiUzRSUwQSUzQ2RpdiUyMGNsYXNzJTNEJTIyd3BiX2NvbHVtbiUyMHZjX2NvbC1zbS02JTIyJTIwJTNFJTBBJTNDc3BhbiUyMGNsYXNzJTNEJTIyaWNvbiUyMGZhcyUyMGZhLXBlcmNlbnQlMjIlM0UlM0MlMkZzcGFuJTNFJTBBJTNDaDQlM0UlM0NhJTIwaHJlZiUzRCUyMiUyMyUyMiUzRVplcm8lMjBTaHJpbmthZ2UlMjBBbGxvd2FuY2UlM0MlMkZhJTNFJTNDJTJGaDQlM0UlMEElM0NwJTNFQXQlMjBhJTIwVGV4YXMlMjBMb2dpc3RpYyUyMFNlcnZpY2VzJTIwd2FyZWhvdXNlJTJDJTIwd2UlMjBvcGVyYXRlJTIwd2l0aCUyMDAlMjUlMjBzaHJpbmthZ2UlMjBhbGxvd2FuY2UuJTIwV2UlMjBkb24lMjd0JTIwYmVsaWV2ZSUyMHlvdSUyMHNob3VsZCUyMHN1ZmZlciUyMGElMjBsb3NzJTIwZnJvbSUyMGRhbWFnZWQlMjBvciUyMGxvc3QlMjBpbnZlbnRvcnkuJTNDJTJGcCUzRSUwQSUzQyUyRmRpdiUzRSUwQSUzQyUyRmRpdiUzRQ==[\/vc_raw_html][\/vc_column_inner][\/vc_row_inner][vc_column_text]\n<h2><b>Climate Controlled Warehouse<\/b><\/h2>\n<p><span style=\"font-weight: 400;\">In today&#8217;s business world, time is money. You can&#8217;t afford to have your products damaged or lost due to extreme weather conditions. That&#8217;s why our 3PL warehouse features <a href=\"https:\/\/www.shieldstorage.com\/storage-tips\/5-benefits-of-utilizing-a-climate-controlled-storage-unit\/?doing_wp_cron=1658153541.7896668910980224609375\" target=\"_blank\" rel=\"noopener\">climate-controlled storage<\/a>. We can store your products in a temperature-controlled environment to ensure they stay in perfect condition.<\/span><\/p>\n<h2><b>24\/7 Security<\/b><\/h2>\n<p><span style=\"font-weight: 400;\">The safety of your products is our top priority. Our 3PL warehouse is equipped with 24\/7 security cameras and a security system. We also have a team of experienced professionals dedicated to keeping your products safe.<\/span><\/p>\n<h2><b>One-Point Entry<\/b><\/h2>\n<p><span style=\"font-weight: 400;\">Our 3PL warehouse features a one-point entry system. This system allows us to track your products as they enter and exit the warehouse. We can also provide you with a detailed report of your product&#8217;s movements.<\/span><\/p>\n<h2><b>Rekabet\u00e7i Fiyatland\u0131rma<\/b><\/h2>\n<p><span style=\"font-weight: 400;\">Our competitive pricing on all 3PL services allows us to offer you the best possible value without sacrificing quality or service. <\/span><a href=\"https:\/\/texaslogisticservices.com\/tr\/contact-us\/\"><span style=\"font-weight: 400;\">Bize ula\u015f\u0131n<\/span><\/a><span style=\"font-weight: 400;\"> bug\u00fcn <\/span><a href=\"tel:+17133549217\"><span style=\"font-weight: 400;\">(713) 354-9217<\/span><\/a><span style=\"font-weight: 400;\"> to learn more about our competitive pricing options.<\/span><\/p>\n<h2><b>3PL Warehousing In {{lpg_city}} {{lpg_state}} Management\u00a0<\/b><\/h2>\n<p><span style=\"font-weight: 400;\">Bir 3PL \u015firketi ancak depo y\u00f6netimi kadar iyidir. Texas Logistic Services olarak, envanterinizi ve sipari\u015flerinizi takip etmek i\u00e7in en yeni ve en iyi yaz\u0131l\u0131mlar\u0131 kullan\u0131yoruz. Bu \u015fekilde, envanter seviyelerini ve \u00fcr\u00fcn hareketlerini her zaman takip edebilirsiniz.<\/span><\/p>\n<p><span style=\"font-weight: 400;\">Size zaman ve para kazand\u0131rmak i\u00e7in \u00e7ok \u00e7e\u015fitli envanter y\u00f6netimi hizmetleri sunuyoruz. \u0130ster barkodlama ve izleme, ister d\u00f6ng\u00fc say\u0131m\u0131 veya ba\u015fka bir konuda yard\u0131ma ihtiyac\u0131n\u0131z olsun, ihtiya\u00e7lar\u0131n\u0131za uygun bir \u00e7\u00f6z\u00fcm\u00fc \u00f6zelle\u015ftirebiliriz. Envanterinizle ilgilenmemize izin verin, b\u00f6ylece i\u015finizi y\u00fcr\u00fctmeye odaklanabilirsiniz.<\/span><\/p>\n<h2><b>Stokta 1-2 G\u00fcn<\/b><\/h2>\n<p><span style=\"font-weight: 400;\">We understand that time is money. That&#8217;s why we offer a 1-2 day dock-to-stock program for all our clients. Our warehouse will accurately process every single item of your inventory within 1-2 days after it arrives. This way, you can get your products to market faster and generate revenue sooner.<\/span><\/p>\n<h2><b>High Inventory Accuracy Through Industry-Standard Controls<\/b><\/h2>\n<p><span style=\"font-weight: 400;\">At Texas Logistic Services, we operate with a 0% shrinkage allowance. We don&#8217;t believe you should suffer a loss from damaged or lost inventory. Unfortunate events happen, but with our state-of-the-art inventory management system, you can be sure that you will never have to pay for damages that were not your fault.<\/span><\/p>\n<h2><b>Kitler ve Ek Par\u00e7alar<\/b><\/h2>\n<p><span style=\"font-weight: 400;\">Kitting and inserts are two of the most common services our clients request. We can combine the products you need to ship in one convenient package. This service is perfect for online retailers who want to offer their customers a complete solution rather than just individual items.<\/span><\/p>\n<p><span style=\"font-weight: 400;\">As your 3PL warehouse, we offer services such as kitting, light assembly, marketing inserts, and more. Take advantage of our ability to help you grow your business.<\/span><a href=\"https:\/\/texaslogisticservices.com\/tr\/contact-us\/\"><span style=\"font-weight: 400;\">Bize ula\u015f\u0131n<\/span><\/a><span style=\"font-weight: 400;\"> bug\u00fcn <\/span><a href=\"tel:+17133549217\"><span style=\"font-weight: 400;\">(713) 354-9217<\/span><\/a><span style=\"font-weight: 400;\"> &#8211; let us do the work while you focus on what you do best.<\/span><\/p>\n<h2><b>The Right Tools for the Job<\/b><\/h2>\n<p><span style=\"font-weight: 400;\">We have the right tools and equipment to handle your products. Our 3PL warehouse is equipped with a forklift and other materials handling equipment. We also have a team of experienced professionals trained in using this equipment.<\/span><\/p>\n<h2><b>Accurate Reporting<\/b><\/h2>\n<p><span style=\"font-weight: 400;\">We understand that inventory management can be a complex and daunting task. Our reporting system gives you the information you need when you need it. With real-time inventory reports, you&#8217;ll always know what&#8217;s in stock, what&#8217;s being shipped, and what needs to be reordered.<\/span><\/p>\n<h2><b>A Wide Range of Services<\/b><\/h2>\n<p><span style=\"font-weight: 400;\">We offer a wide range of services to meet the needs of our clients. We can do everything from <\/span><a href=\"https:\/\/texaslogisticservices.com\/tr\/3pl-logistics-services\/3pl-warehousing\/\"><span style=\"font-weight: 400;\">warehousing<\/span><\/a><span style=\"font-weight: 400;\"> ve <\/span><a href=\"https:\/\/texaslogisticservices.com\/tr\/3pl-logistics-services\/3pl-fulfillment\/\"><span style=\"font-weight: 400;\">fulfillment<\/span><\/a><span style=\"font-weight: 400;\"> to transportation and logistics. And if there&#8217;s something we don&#8217;t offer, we&#8217;ll find a way to get it done.<\/span><\/p>\n<h2><b>Flexible Storage and Distribution Solutions<\/b><\/h2>\n<p><span style=\"font-weight: 400;\">No two businesses are the same, so why should their storage and distribution solutions be the same? At Texas Logistic Services, we offer customized storage and distribution solutions designed to fit your specific needs. Whether you need long-term storage or just a temporary solution, we have you covered.<\/span><\/p>\n<h2><b>Neden Teksas Lojistik Hizmetlerini Se\u00e7melisiniz?<\/b><\/h2>\n<p><span style=\"font-weight: 400;\">When you partner with us, you can be confident that you&#8217;re working with a company that commits to excellence. We&#8217;re always looking for new ways to improve our services and exceed our clients&#8217; expectations. Here are just a few of the reasons why you should choose Texas Logistic Services:<\/span><\/p>\n<ul>\n<li style=\"font-weight: 400;\" aria-level=\"1\"><span style=\"font-weight: 400;\">We&#8217;re a one-stop shop for all your logistics needs<\/span><\/li>\n<li style=\"font-weight: 400;\" aria-level=\"1\"><span style=\"font-weight: 400;\">We offer real-time inventory reports<\/span><\/li>\n<li style=\"font-weight: 400;\" aria-level=\"1\"><span style=\"font-weight: 400;\">We have a wide range of services<\/span><\/li>\n<li style=\"font-weight: 400;\" aria-level=\"1\"><span style=\"font-weight: 400;\">We&#8217;re committed to excellence<\/span><\/li>\n<li style=\"font-weight: 400;\" aria-level=\"1\"><span style=\"font-weight: 400;\">We&#8217;re always looking for new ways to improve<\/span><\/li>\n<li style=\"font-weight: 400;\" aria-level=\"1\"><span style=\"font-weight: 400;\">We&#8217;re here to help you succeed<\/span><\/li>\n<\/ul>\n<p><span style=\"font-weight: 400;\">If you&#8217;re looking for a partner who can help you streamline your operations and improve your bottom line, <\/span><a href=\"https:\/\/texaslogisticservices.com\/tr\/contact-us\/\"><span style=\"font-weight: 400;\">contact Texas Logistic Services<\/span><\/a><span style=\"font-weight: 400;\"> bug\u00fcn <\/span><a href=\"tel:+17133549217\"><span style=\"font-weight: 400;\">(713) 354-9217<\/span><\/a><span style=\"font-weight: 400;\">. We&#8217;ll be happy to discuss our services and how we can help you achieve your goals.<\/span><\/p>\n<h2><b>Bizimle 3PL Depolama<\/b><\/h2>\n<p><span style=\"font-weight: 400;\">As your 3PL provider, we&#8217;ll work with you to develop a customized logistics solution that meets your specific needs. We&#8217;re proud to offer the following benefits to our clients:<\/span><\/p>\n<ul>\n<li style=\"font-weight: 400;\" aria-level=\"1\"><b>Improved efficiency:<\/b><span style=\"font-weight: 400;\"> We&#8217;ll help you streamline your operations and reduce costs.<\/span><\/li>\n<li style=\"font-weight: 400;\" aria-level=\"1\"><b>In-depth knowledge:<\/b><span style=\"font-weight: 400;\"> Our team has extensive experience in the logistics industry, and we&#8217;ll use our knowledge to help you succeed.<\/span><\/li>\n<li style=\"font-weight: 400;\" aria-level=\"1\"><b>Increased flexibility: <\/b><span style=\"font-weight: 400;\">Geni\u015f bir hizmet yelpazesi sunuyoruz, b\u00f6ylece ihtiya\u00e7lar\u0131n\u0131z\u0131 kar\u015f\u0131layacak en iyi \u00e7\u00f6z\u00fcm\u00fc \u00f6zelle\u015ftirmenize yard\u0131mc\u0131 olabiliriz.<\/span><\/li>\n<\/ul>\n<h2><b>Let&#8217;s Work Together<\/b><\/h2>\n<p><span style=\"font-weight: 400;\">Ba\u015far\u0131m\u0131z\u0131n m\u00fc\u015fterilerimizin ba\u015far\u0131s\u0131yla do\u011frudan ba\u011flant\u0131l\u0131 oldu\u011funa inan\u0131yoruz, bu nedenle m\u00fc\u015fterilerimizin hizmetlerimizden memnun kalmalar\u0131n\u0131 sa\u011flamak i\u00e7in her zaman ekstra yol kat ediyoruz.<\/span><\/p>\n<p><span style=\"font-weight: 400;\">If you&#8217;re looking for a professional and caring 3PL provider that you can rely on, look no further than Texas Logistic Services. We&#8217;ll work with you to find the best solution for your business.<\/span><\/p>\n<p><a href=\"https:\/\/texaslogisticservices.com\/tr\/contact-us\/\"><span style=\"font-weight: 400;\">Bize ula\u015f\u0131n<\/span><\/a><span style=\"font-weight: 400;\"> bug\u00fcn <\/span><a href=\"tel:+17133549217\"><span style=\"font-weight: 400;\">(713) 354-9217<\/span><\/a><span style=\"font-weight: 400;\"> sizin i\u00e7in neler yapabilece\u011fimiz hakk\u0131nda daha fazla bilgi edinmek i\u00e7in.<\/span>[\/vc_column_text][\/vc_column][\/vc_row][vc_row full_width=&#8221;stretch_row&#8221; equal_height=&#8221;yes&#8221; content_placement=&#8221;middle&#8221; css=&#8221;.vc_custom_1655310312315{padding-top: 30px !important;padding-bottom: 30px !important;background-color: #ce0e2d !important;}&#8221; el_class=&#8221;home-cta-row&#8221;][vc_column width=&#8221;1\/2&#8243;][norebro_text]\n<h4>Minimize Time Between Your Wholesalers, Retailers, and Direct Customers<\/h4>\n<p>Call us today to get started![\/norebro_text][\/vc_column][vc_column width=&#8221;1\/2&#8243; el_class=&#8221;cta-btn-col&#8221;][norebro_text]<a class=\"phone-num\" href=\"tel:713-354-9217\">713-354-9217<\/a> Or <a class=\"btn-cta\" href=\"\/tr\/contact\/\">\u0130leti\u015fime Ge\u00e7in<\/a>[\/norebro_text][\/vc_column][\/vc_row]","protected":false},"excerpt":{"rendered":"<p>[vc_row full_width=&#8221;stretch_row&#8221; equal_height=&#8221;yes&#8221; el_class=&#8221;service-block-1&#8243; css=&#8221;.vc_custom_1655412885156{padding-top: 5rem !important;padding-bottom: 5rem !important;background-position: center !important;background-repeat: no-repeat !important;background-size: cover&#8230;<\/p>","protected":false},"author":13,"featured_media":612,"parent":0,"menu_order":0,"comment_status":"closed","ping_status":"closed","template":"","meta":{"_joinchat":[],"footnotes":""},"class_list":["post-662","page","type-page","status-publish","has-post-thumbnail","hentry"],"acf":[],"aioseo_notices":[],"_links":{"self":[{"href":"https:\/\/texaslogisticservices.com\/tr\/wp-json\/wp\/v2\/pages\/662","targetHints":{"allow":["GET"]}}],"collection":[{"href":"https:\/\/texaslogisticservices.com\/tr\/wp-json\/wp\/v2\/pages"}],"about":[{"href":"https:\/\/texaslogisticservices.com\/tr\/wp-json\/wp\/v2\/types\/page"}],"author":[{"embeddable":true,"href":"https:\/\/texaslogisticservices.com\/tr\/wp-json\/wp\/v2\/users\/13"}],"replies":[{"embeddable":true,"href":"https:\/\/texaslogisticservices.com\/tr\/wp-json\/wp\/v2\/comments?post=662"}],"version-history":[{"count":0,"href":"https:\/\/texaslogisticservices.com\/tr\/wp-json\/wp\/v2\/pages\/662\/revisions"}],"wp:featuredmedia":[{"embeddable":true,"href":"https:\/\/texaslogisticservices.com\/tr\/wp-json\/wp\/v2\/media\/612"}],"wp:attachment":[{"href":"https:\/\/texaslogisticservices.com\/tr\/wp-json\/wp\/v2\/media?parent=662"}],"curies":[{"name":"wp","href":"https:\/\/api.w.org\/{rel}","templated":true}]}}