{"id":661,"date":"2022-07-18T14:23:17","date_gmt":"2022-07-18T14:23:17","guid":{"rendered":"https:\/\/texaslogisticservices.com\/?page_id=661"},"modified":"2025-08-13T19:25:05","modified_gmt":"2025-08-13T19:25:05","slug":"3pl-shipping-in-lpg_city-lpg_state","status":"publish","type":"page","link":"https:\/\/texaslogisticservices.com\/tr\/3pl-shipping-in-lpg_city-lpg_state\/","title":{"rendered":"3PL Shipping in {{lpg_city}} {{lpg_state}}"},"content":{"rendered":"[vc_row full_width=&#8221;stretch_row&#8221; equal_height=&#8221;yes&#8221; el_class=&#8221;service-block-1&#8243; css=&#8221;.vc_custom_1655412034486{padding-top: 5rem !important;padding-bottom: 5rem !important;background-position: center !important;background-repeat: no-repeat !important;background-size: cover !important;}&#8221;][vc_column el_class=&#8221;service-block-col-1&#8243;][vc_raw_html]JTNDaDMlM0UlM0NzcGFuJTIwY2xhc3MlM0QlMjJmYXMlMjBmYS1zaGlwcGluZy1mYXN0JTIyJTNFJTNDJTJGc3BhbiUzRSUyMDNQTCUyMCUzQ3NwYW4lMjBjbGFzcyUzRCUyMnJlZCUyMiUzRVNoaXBwaW5nJTIwSW4lMjAlN0IlN0JscGdfY2l0eSU3RCU3RCUyMCU3QiU3QmxwZ19zdGF0ZSU3RCU3RCUzQyUyRnNwYW4lM0UlM0MlMkZoMyUzRQ==[\/vc_raw_html][norebro_text]<span style=\"font-weight: 400;\"><a href=\"https:\/\/texaslogisticservices.com\/tr\/\">Teksas Lojistik Hizmetleri<\/a> provides reliable and efficient 3pl shipping in {{lpg_city}} {{lpg_state}}<\/span><span style=\"font-weight: 400;\">\u00a0for businesses of all sizes. Our extensive network of carriers provides you with the best shipping options at the most competitive rates. We offer a variety of services, including freight forwarding. Our team of experts will work with you to create a custom shipping solution that meets your needs. <\/span><a href=\"https:\/\/texaslogisticservices.com\/tr\/contact-us\/\"><span style=\"font-weight: 400;\">Bize ula\u015f\u0131n<\/span><\/a><span style=\"font-weight: 400;\"> bug\u00fcn <\/span><a href=\"tel:+17133549217\"><span style=\"font-weight: 400;\">(713) 354-9217<\/span><\/a><span style=\"font-weight: 400;\"> to learn more about our 3pl shipping in {{lpg_city}} {{lpg_state}}!<\/span>[\/norebro_text][vc_single_image image=&#8221;629&#8243; img_size=&#8221;full&#8221; alignment=&#8221;center&#8221;][norebro_text]\n<h2><span style=\"font-weight: 400;\">\u00dclke \u00c7ap\u0131nda Kapsam<\/span><\/h2>\n<p><span style=\"font-weight: 400;\">\u00c7e\u015fitli ta\u015f\u0131y\u0131c\u0131larla ortakl\u0131k yapt\u0131\u011f\u0131m\u0131z i\u00e7in, 3PL nakliye hizmetlerimiz i\u00e7in \u00fclke \u00e7ap\u0131nda 99% kapsama alan\u0131 sunuyoruz. \u0130\u015fletmeniz nerede olursa olsun, \u00fcr\u00fcnlerinizi var\u0131\u015f yerlerine g\u00fcvenli bir \u015fekilde ve zaman\u0131nda ula\u015ft\u0131rabiliriz.<\/span><\/p>\n<h2><span style=\"font-weight: 400;\">Zaman Kazand\u0131ran \u00c7\u00f6z\u00fcmler<\/span><\/h2>\n<p><span style=\"font-weight: 400;\">Our <\/span><a href=\"https:\/\/texaslogisticservices.com\/tr\/3pl-logistics-services\/3pl-shipping\/\"><span style=\"font-weight: 400;\">3PL shipping services<\/span><\/a><span style=\"font-weight: 400;\"> are designed to save you time and money. We will work with you to create a custom shipping solution that meets your unique needs. We also offer various value-added services, such as order tracking and web-based reporting, that will help you stay informed about the status of your shipments.<\/span><\/p>\n<h2><span style=\"font-weight: 400;\">Uygun Nakliye Fiyatlar\u0131<\/span><\/h2>\n<p><span style=\"font-weight: 400;\">Our competitive shipping rates make it easy to get your products to your customers without breaking the bank. We regularly check rates across our network of carriers, ensuring that your eCommerce products are delivered to your customers at the best possible rates.<\/span><\/p>\n<h2><span style=\"font-weight: 400;\">Esnek Nakliye Se\u00e7enekleri<\/span><\/h2>\n<p><span style=\"font-weight: 400;\">\u0130ster ertesi g\u00fcn teslimata, ister iki g\u00fcnl\u00fck nakliyeye veya standart kara hizmetine ihtiyac\u0131n\u0131z olsun, ihtiya\u00e7lar\u0131n\u0131za uygun bir nakliye \u00e7\u00f6z\u00fcm\u00fcm\u00fcz var. Uzman ekibimiz, \u00fcr\u00fcnleriniz ve b\u00fct\u00e7eniz i\u00e7in do\u011fru nakliye se\u00e7ene\u011fini se\u00e7menize yard\u0131mc\u0131 olabilir.<\/span>[\/norebro_text][vc_empty_space][vc_single_image image=&#8221;631&#8243; img_size=&#8221;full&#8221; alignment=&#8221;center&#8221;][norebro_text]\n<h2><span style=\"font-weight: 400;\">G\u00f6nderilerinizi Takip Edin<\/span><\/h2>\n<p><span style=\"font-weight: 400;\">We offer various tracking options to help you stay informed about the status of your shipments. You can track your shipments online or by calling us directly, and you will receive notifications when your shipment is delivered.<\/span><\/p>\n<h2><span style=\"font-weight: 400;\">Reliable 3PL Shipping In {{lpg_city}} {{lpg_state}}<\/span><\/h2>\n<p><span style=\"font-weight: 400;\">You can count on our 3PL shipping services to get your products to your customers on time and in the proper condition. With <\/span><a href=\"https:\/\/texaslogisticservices.com\/tr\/\"><span style=\"font-weight: 400;\">Teksas Lojistik Hizmetleri<\/span><\/a><span style=\"font-weight: 400;\">, you can rest assured that your products are not being &#8220;tossed around.&#8221; We treat your products with the care and respect you expect from your own employees, and our shipping services are backed by our quality guarantee and we maintain high inventory accuracy through industry-standard controls.<\/span><\/p>\n<h2><span style=\"font-weight: 400;\">1-2 G\u00fcn Kargo<\/span><\/h2>\n<p><span style=\"font-weight: 400;\">M\u00fc\u015fterileriniz nerede olursa olsun, \u00fcr\u00fcnlerinizi onlara h\u0131zl\u0131 ve ekonomik bir \u015fekilde ula\u015ft\u0131rabiliriz. 99% \u00fclke \u00e7ap\u0131ndaki nakliye kapsam\u0131m\u0131z, \u00fclkenin her yerine teslimat yapabilece\u011fimiz anlam\u0131na gelir ve rekabet\u00e7i nakliye \u00fccretlerimiz, \u00fcr\u00fcnlerinizi bankay\u0131 zorlamadan m\u00fc\u015fterilerinize ula\u015ft\u0131rman\u0131z\u0131 kolayla\u015ft\u0131r\u0131r.<\/span><\/p>\n<h2><span style=\"font-weight: 400;\">Nakliye Ta\u015f\u0131mac\u0131l\u0131\u011f\u0131<\/span><\/h2>\n<p><span style=\"font-weight: 400;\">\u0130\u015finiz b\u00fcy\u00fcd\u00fck\u00e7e, \u00fcr\u00fcnlerinizi \u00fclke \u00e7ap\u0131nda farkl\u0131 yerlere g\u00f6ndermeniz gerekti\u011fini fark edebilirsiniz. Texas Logistic Services olarak, \u00f6zel ihtiya\u00e7lar\u0131n\u0131za uyacak \u015fekilde \u00f6zelle\u015ftirebilece\u011fimiz \u00e7ok \u00e7e\u015fitli nakliye hizmetleri sunuyoruz. Nakliye sekt\u00f6r\u00fcn\u00fcn t\u00fcm inceliklerini bilen deneyimli profesyonellerden olu\u015fan bir ekibimiz var, bu nedenle \u00fcr\u00fcnlerinizin emin ellerde olaca\u011f\u0131ndan emin olabilirsiniz.<\/span>[\/norebro_text][vc_empty_space][vc_single_image image=&#8221;627&#8243; img_size=&#8221;full&#8221; alignment=&#8221;center&#8221;][norebro_text]\n<h2><span style=\"font-weight: 400;\">\u00d6zel Nakliye \u00c7\u00f6z\u00fcmleri<\/span><\/h2>\n<p><span style=\"font-weight: 400;\">Verimli ve sorunsuz bir nakliye deneyimi sunan tam te\u015fekk\u00fcll\u00fc bir 3PL \u015firketiyiz. Sundu\u011fumuz nakliye hizmetlerinden baz\u0131lar\u0131 \u015funlard\u0131r:<\/span><\/p>\n<ul>\n<li style=\"font-weight: 400;\" aria-level=\"1\"><a href=\"https:\/\/www.fedex.com\/en-us\/shipping\/freight\/ltl.html\" target=\"_blank\" rel=\"noopener\"><b>LTL Nakliye<\/b><\/a><span style=\"font-weight: 400;\"> &#8211; LTL or &#8220;less than truckload&#8221; shipping is ideal for businesses that need to ship small loads that don&#8217;t fill up an entire truck. We will consolidate your shipment with other shipments going to the same destination to fill up the truck and minimize your shipping costs.<\/span><\/li>\n<li style=\"font-weight: 400;\" aria-level=\"1\"><a href=\"https:\/\/convoy.com\/blog\/the-basics-of-ftl-shipping\/\" target=\"_blank\" rel=\"noopener\"><b>FTL Nakliye <\/b><\/a><span style=\"font-weight: 400;\">&#8211; Truckload shipping is for businesses that need to ship large loads that fill up an entire truck. We have a network of partner carriers that we work with to get you the best rates possible for your shipment.<\/span><\/li>\n<li style=\"font-weight: 400;\" aria-level=\"1\"><a href=\"https:\/\/www.up.com\/customers\/track-record\/tr080420-what-is-intermodal-shipping.htm\" target=\"_blank\" rel=\"noopener\"><b>Intermodal Nakliye<\/b><\/a><span style=\"font-weight: 400;\"> &#8211; Sometimes, you may need to use multiple modes of transportation, such as rail, truck, and ship, to transport goods. If you&#8217;re a business that needs to ship large loads over long distances, we will work with you to find the best route for your shipment and get you the best rates possible.<\/span><\/li>\n<li style=\"font-weight: 400;\" aria-level=\"1\"><a href=\"https:\/\/en.wikipedia.org\/wiki\/Distribution_center\" target=\"_blank\" rel=\"noopener\"><b>Depolama ve Da\u011f\u0131t\u0131m<\/b><\/a><span style=\"font-weight: 400;\"> &#8211; In addition to our shipping services, we also offer warehousing and distribution services. We offer various solutions to store your goods in our 200,000 sq ft warehouse and then distribute them to your customers as needed. This process can save you time and money by eliminating the need to maintain your own warehouse.<\/span><\/li>\n<\/ul>\n<p><span style=\"font-weight: 400;\">Her b\u00fcy\u00fckl\u00fckteki i\u015fletmenin ihtiya\u00e7lar\u0131n\u0131 kar\u015f\u0131lamak i\u00e7in \u00e7e\u015fitli nakliye hizmetleri sunuyoruz. \u0130ster k\u00fc\u00e7\u00fck bir paket ister b\u00fcy\u00fck bir y\u00fck g\u00f6ndermeniz gereksin, gitmesi gereken yere ula\u015ft\u0131rman\u0131za yard\u0131mc\u0131 olabiliriz. <\/span><a href=\"https:\/\/texaslogisticservices.com\/tr\/contact-us\/\"><span style=\"font-weight: 400;\">Bize ula\u015f\u0131n<\/span><\/a><span style=\"font-weight: 400;\"> bug\u00fcn <\/span><a href=\"tel:+17133549217\"><span style=\"font-weight: 400;\">(713) 354-9217<\/span><\/a><span style=\"font-weight: 400;\"> to learn more about our shipping services and how we can help your business.<\/span>[\/norebro_text][vc_empty_space][norebro_heading subtitle_type_layout=&#8221;bottom_subtitle&#8221; module_type_layout=&#8221;on_middle&#8221; heading_type=&#8221;h4&#8243; title=&#8221;Q0FSUklFUlM=&#8221; subtitle_typo=&#8221;weight~inherit&#8221;][norebro_text]\n<p style=\"text-align: center;\"><span style=\"font-weight: 400;\">Transportation is an essential part of a supply chain. Having a fulfillment partner who offers a dependable transportation service will help ensure your products can be delivered to any customer anywhere. Due to our strategic relationships with multiple national carriers, we are not only able to provide nationwide coverage, with 1-2 day shipping for 99% of the country, but we also offer discounts on transportation.<\/span><\/p>\n<p style=\"text-align: center;\"><span style=\"font-weight: 400;\">Bir\u00e7ok ulusal ve uluslararas\u0131 ta\u015f\u0131y\u0131c\u0131 ile stratejik ortakl\u0131klar kurduk ve bu sayede m\u00fc\u015fterilerimize \u00e7e\u015fitli indirimler sunabiliyoruz.<\/span><\/p>\n[\/norebro_text][vc_row_inner equal_height=&#8221;yes&#8221; content_placement=&#8221;middle&#8221;][vc_column_inner width=&#8221;1\/4&#8243;][vc_single_image image=&#8221;75&#8243; img_size=&#8221;full&#8221;][\/vc_column_inner][vc_column_inner width=&#8221;1\/4&#8243;][vc_single_image image=&#8221;77&#8243; img_size=&#8221;full&#8221;][\/vc_column_inner][vc_column_inner width=&#8221;1\/4&#8243;][vc_single_image image=&#8221;78&#8243; img_size=&#8221;full&#8221;][\/vc_column_inner][vc_column_inner width=&#8221;1\/4&#8243;][vc_single_image image=&#8221;79&#8243; img_size=&#8221;full&#8221;][\/vc_column_inner][\/vc_row_inner][vc_empty_space][vc_single_image image=&#8221;628&#8243; img_size=&#8221;full&#8221; alignment=&#8221;center&#8221;][norebro_text]\n<h2><span style=\"font-weight: 400;\">Neden Teksas Lojistik Hizmetlerini Se\u00e7melisiniz?<\/span><\/h2>\n<p><span style=\"font-weight: 400;\">We aim to provide top-tier transportation, storage, and distribution services with a client-first approach. We work with our clients to create a customized solution that meets the unique needs of their business.<\/span><\/p>\n<p><span style=\"font-weight: 400;\">Some reasons why our clients choose us:<\/span><\/p>\n<ul>\n<li style=\"font-weight: 400;\" aria-level=\"1\"><span style=\"font-weight: 400;\">Our extensive experience in the transportation industry<\/span><\/li>\n<li style=\"font-weight: 400;\" aria-level=\"1\"><span style=\"font-weight: 400;\">Proven track record of success<\/span><\/li>\n<li style=\"font-weight: 400;\" aria-level=\"1\"><span style=\"font-weight: 400;\">Attention to detail and commitment to customer service<\/span><\/li>\n<li style=\"font-weight: 400;\" aria-level=\"1\"><span style=\"font-weight: 400;\">Ability to provide a complete solution, from start to finish<\/span><\/li>\n<li style=\"font-weight: 400;\" aria-level=\"1\"><span style=\"font-weight: 400;\">Flexibility and willingness to work with each client&#8217;s unique needs<\/span><\/li>\n<\/ul>\n<p><span style=\"font-weight: 400;\">If you are looking for a reliable, affordable, and comprehensive transportation solution, <\/span><a href=\"https:\/\/texaslogisticservices.com\/tr\/contact-us\/\"><span style=\"font-weight: 400;\">Bize ula\u015f\u0131n<\/span><\/a><span style=\"font-weight: 400;\"> bug\u00fcn <\/span><a href=\"tel:+17133549217\"><span style=\"font-weight: 400;\">(713) 354-9217<\/span><\/a><span style=\"font-weight: 400;\">. We will work with you to create a customized plan that meets your specific needs.<\/span><\/p>\n<h2><span style=\"font-weight: 400;\">Bizimle Gemi<\/span><\/h2>\n<p><span style=\"font-weight: 400;\">Your success is our success, so we always go the extra mile to ensure that our clients are satisfied with our services.<\/span><\/p>\n<p><span style=\"font-weight: 400;\">If you&#8217;re looking for a professional and caring 3PL provider that you can rely on, look no further than Texas Logistic Services. We&#8217;ll work with you to find the best solution for your business.<\/span><\/p>\n<p><a href=\"https:\/\/texaslogisticservices.com\/tr\/contact-us\/\"><span style=\"font-weight: 400;\">Bize ula\u015f\u0131n<\/span><\/a><span style=\"font-weight: 400;\"> bug\u00fcn <\/span><a href=\"tel:+17133549217\"><span style=\"font-weight: 400;\">(713) 354-9217<\/span><\/a><span style=\"font-weight: 400;\"> sizin i\u00e7in neler yapabilece\u011fimiz hakk\u0131nda daha fazla bilgi edinmek i\u00e7in.<\/span>[\/norebro_text][\/vc_column][\/vc_row][vc_row full_width=&#8221;stretch_row&#8221; equal_height=&#8221;yes&#8221; content_placement=&#8221;middle&#8221; css=&#8221;.vc_custom_1655310312315{padding-top: 30px !important;padding-bottom: 30px !important;background-color: #ce0e2d !important;}&#8221; el_class=&#8221;home-cta-row&#8221;][vc_column width=&#8221;1\/2&#8243;][norebro_text]\n<h4>Minimize Time Between Your Wholesalers, Retailers, and Direct Customers<\/h4>\n<p>Call us today to get started![\/norebro_text][\/vc_column][vc_column width=&#8221;1\/2&#8243; el_class=&#8221;cta-btn-col&#8221;][norebro_text]<a class=\"phone-num\" href=\"tel:713-354-9217\">713-354-9217<\/a> Or <a class=\"btn-cta\" href=\"\/tr\/contact\/\">\u0130leti\u015fime Ge\u00e7in<\/a>[\/norebro_text][\/vc_column][\/vc_row]","protected":false},"excerpt":{"rendered":"<p>[vc_row full_width=&#8221;stretch_row&#8221; equal_height=&#8221;yes&#8221; el_class=&#8221;service-block-1&#8243; css=&#8221;.vc_custom_1655412034486{padding-top: 5rem !important;padding-bottom: 5rem !important;background-position: center !important;background-repeat: no-repeat !important;background-size: cover&#8230;<\/p>","protected":false},"author":13,"featured_media":531,"parent":0,"menu_order":0,"comment_status":"closed","ping_status":"closed","template":"","meta":{"_joinchat":[],"footnotes":""},"class_list":["post-661","page","type-page","status-publish","has-post-thumbnail","hentry"],"acf":[],"aioseo_notices":[],"_links":{"self":[{"href":"https:\/\/texaslogisticservices.com\/tr\/wp-json\/wp\/v2\/pages\/661","targetHints":{"allow":["GET"]}}],"collection":[{"href":"https:\/\/texaslogisticservices.com\/tr\/wp-json\/wp\/v2\/pages"}],"about":[{"href":"https:\/\/texaslogisticservices.com\/tr\/wp-json\/wp\/v2\/types\/page"}],"author":[{"embeddable":true,"href":"https:\/\/texaslogisticservices.com\/tr\/wp-json\/wp\/v2\/users\/13"}],"replies":[{"embeddable":true,"href":"https:\/\/texaslogisticservices.com\/tr\/wp-json\/wp\/v2\/comments?post=661"}],"version-history":[{"count":0,"href":"https:\/\/texaslogisticservices.com\/tr\/wp-json\/wp\/v2\/pages\/661\/revisions"}],"wp:featuredmedia":[{"embeddable":true,"href":"https:\/\/texaslogisticservices.com\/tr\/wp-json\/wp\/v2\/media\/531"}],"wp:attachment":[{"href":"https:\/\/texaslogisticservices.com\/tr\/wp-json\/wp\/v2\/media?parent=661"}],"curies":[{"name":"wp","href":"https:\/\/api.w.org\/{rel}","templated":true}]}}