{"id":356,"date":"2022-06-16T19:33:22","date_gmt":"2022-06-16T19:33:22","guid":{"rendered":"https:\/\/texaslogisticservices.com\/?page_id=356"},"modified":"2025-06-09T10:12:42","modified_gmt":"2025-06-09T10:12:42","slug":"3pl-warehousing-old","status":"publish","type":"page","link":"https:\/\/texaslogisticservices.com\/tr\/3pl-logistics-services-2\/3pl-warehousing-old\/","title":{"rendered":"3PL Warehousing old"},"content":{"rendered":"[vc_row full_width=&#8221;stretch_row&#8221; equal_height=&#8221;yes&#8221; el_class=&#8221;service-block-1&#8243; css=&#8221;.vc_custom_1668801266038{background-position: center !important;background-repeat: no-repeat !important;background-size: cover !important;}&#8221;][vc_column el_class=&#8221;service-block-col-1&#8243;][vc_raw_html]JTNDaDMlM0UlM0NzcGFuJTIwY2xhc3MlM0QlMjJmYXMlMjBmYS1wZW9wbGUtY2FycnklMjIlM0UlM0MlMkZzcGFuJTNFJTIwM1BMJTIwJTNDc3BhbiUyMGNsYXNzJTNEJTIycmVkJTIyJTNFV2FyZWhvdXNpbmclM0MlMkZzcGFuJTNFJTNDJTJGaDMlM0U=[\/vc_raw_html][norebro_text]<span style=\"font-weight: 400;\">\u00c7o\u011fu i\u015fletmenin nakliye ve teslimatla ilgili olumsuz deneyimleri olmu\u015ftur: envanter gecikmeleri, yanl\u0131\u015f yerle\u015ftirilmi\u015f \u00fcr\u00fcnler, \u00e7ekme veya g\u00f6r\u00fcn\u00fcrl\u00fck eksikli\u011fi. Texas Logistic Services bu sorunlardan ka\u00e7\u0131nman\u0131za yard\u0131mc\u0131 olabilir. 3PL depolama hizmetimizi kullan\u0131rken hi\u00e7bir mal\u0131n zarar g\u00f6rmemesini veya kaybolmamas\u0131n\u0131 garanti etmek i\u00e7in ek \u00f6nlemler al\u0131yoruz.<\/span><\/p>\n<p><span style=\"font-weight: 400;\">Texas Logistic Services offers state-of-the-art <\/span><a href=\"https:\/\/texaslogisticservices.com\/tr\/3pl-logistics-services\/3pl-warehousing\/\"><span style=\"font-weight: 400;\">3PL warehousing services<\/span><\/a><span style=\"font-weight: 400;\"> to help you develop a storage and distribution solution that fits your needs. Our modern facility features include secure storage, inventory management, and order fulfillment. <\/span><a href=\"https:\/\/texaslogisticservices.com\/tr\/contact-us\/\"><span style=\"font-weight: 400;\">Bize ula\u015f\u0131n<\/span><\/a><span style=\"font-weight: 400;\"> bug\u00fcn <\/span><a href=\"tel:346-766-2151\"><span style=\"font-weight: 400;\">346-766-2151<\/span><\/a><span style=\"font-weight: 400;\"> 3PL depolama hizmetlerimiz hakk\u0131nda daha fazla bilgi edinmek i\u00e7in!<\/span>[\/norebro_text][vc_empty_space height=&#8221;20px&#8221;][vc_separator color=&#8221;custom&#8221; accent_color=&#8221;rgba(0,0,0,0.1)&#8221;][vc_empty_space][vc_row_inner equal_height=&#8221;yes&#8221; content_placement=&#8221;middle&#8221; css=&#8221;.vc_custom_1655395941692{padding-top: 2rem !important;}&#8221;][vc_column_inner width=&#8221;1\/2&#8243;][vc_single_image image=&#8221;51&#8243; img_size=&#8221;full&#8221;][\/vc_column_inner][vc_column_inner el_class=&#8221;custom-code-block&#8221; width=&#8221;1\/2&#8243;][vc_raw_html]JTNDZGl2JTIwY2xhc3MlM0QlMjJ2Y19yb3clMjBwYXJlbnQtZ3JpZCUyMiUzRSUwQSUzQ2RpdiUyMGNsYXNzJTNEJTIyd3BiX2NvbHVtbiUyMHZjX2NvbC1zbS02JTIyJTNFJTBBJTNDc3BhbiUyMGNsYXNzJTNEJTIyaWNvbiUyMGZhcyUyMGZhLWxhcHRvcCUyMiUzRSUzQyUyRnNwYW4lM0UlMEElM0NoNCUzRSUzQ2ElMjBocmVmJTNEJTIyJTIzJTIyJTNFV2FyZWhvdXNlJTIwTWFuYWdlbWVudCUyMFNvZnR3YXJlJTNDJTJGYSUzRSUzQyUyRmg0JTNFJTBBJTNDcCUzRU91ciUyMHJlYWwtdGltZSUyMHdhcmVob3VzZSUyMHN0b2NrJTIwbWFuYWdlbWVudCUyMHN5c3RlbXMlMjBvdmVyc2VlJTIwZXZlcnl0aGluZyUyMHdpdGhpbiUyMHRoZSUyMHdhcmVob3VzZSUyMGFuZCUyMHByb3ZpZGUlMjBvcHRpbWFsJTIwb3BlcmF0b3IlMjByb3V0ZXMuJTNDJTJGcCUzRSUwQSUzQyUyRmRpdiUzRSUwQSUzQ2RpdiUyMGNsYXNzJTNEJTIyd3BiX2NvbHVtbiUyMHZjX2NvbC1zbS02JTIyJTNFJTBBJTNDc3BhbiUyMGNsYXNzJTNEJTIyaWNvbiUyMGZhcyUyMGZhLWNsb2NrJTIyJTNFJTNDJTJGc3BhbiUzRSUwQSUzQ2g0JTNFJTNDYSUyMGhyZWYlM0QlMjIlMjMlMjIlM0UxLTIlMjBEYXklMjBEb2NrLXRvLVN0b2NrJTNDJTJGYSUzRSUzQyUyRmg0JTNFJTBBJTNDcCUzRU91ciUyMHdhcmVob3VzZSUyMHdpbGwlMjBhY2N1cmF0ZWx5JTIwcHJvY2VzcyUyMGV2ZXJ5JTIwc2luZ2xlJTIwaXRlbSUyMG9mJTIweW91ciUyMGludmVudG9yeSUyMHdpdGhpbiUyMDEtMiUyMGRheXMlMjBhZnRlciUyMGl0JTIwYXJyaXZlcyUyQyUyMGVuc3VyaW5nJTIwdGhlJTIwaGlnaGVzdCUyMGxldmVsJTIwb2YlMjB3YXJlaG91c2UlMjBlZmZpY2llbmN5LiUzQyUyRnAlM0UlMEElM0MlMkZkaXYlM0UlMEElM0NkaXYlMjBjbGFzcyUzRCUyMndwYl9jb2x1bW4lMjB2Y19jb2wtc20tNiUyMiUyMHN0eWxlJTNEJTIyZmxvYXQlM0ElMjByaWdodCUzQiUyMiUzRSUwQSUzQ3NwYW4lMjBjbGFzcyUzRCUyMmljb24lMjBmYXMlMjBmYS1kb2xseSUyMiUzRSUzQyUyRnNwYW4lM0UlMEElM0NoNCUzRSUzQ2ElMjBocmVmJTNEJTIyJTIzJTIyJTNFS2l0dGluZyUyMGFuZCUyMEluc2VydHMlM0MlMkZhJTNFJTNDJTJGaDQlM0UlMEElM0NwJTNFQXMlMjB5b3VyJTIwM1BMJTIwV2FyZWhvdXNlJTJDJTIwd2UlMjBvZmZlciUyMHNlcnZpY2VzJTIwc3VjaCUyMGFzJTIwa2l0dGluZyUyQyUyMGxpZ2h0JTIwYXNzZW1ibHklMkMlMjBtYXJrZXRpbmclMjBpbnNlcnRzJTJDJTIwYW5kJTIwbW9yZSUyMHNvJTIwdGhhdCUyMHlvdSUyMGNhbiUyMGdldCUyMHRoZSUyMG1vc3QlMjBvdXQlMjBvZiUyMG91ciUyMHBhcnRuZXJzaGlwLiUzQyUyRnAlM0UlMEElM0MlMkZkaXYlM0UlMEElM0NkaXYlMjBjbGFzcyUzRCUyMndwYl9jb2x1bW4lMjB2Y19jb2wtc20tNiUyMiUyMCUzRSUwQSUzQ3NwYW4lMjBjbGFzcyUzRCUyMmljb24lMjBmYXMlMjBmYS1wZXJjZW50JTIyJTNFJTNDJTJGc3BhbiUzRSUwQSUzQ2g0JTNFJTNDYSUyMGhyZWYlM0QlMjIlMjMlMjIlM0VaZXJvJTIwU2hyaW5rYWdlJTIwQWxsb3dhbmNlJTNDJTJGYSUzRSUzQyUyRmg0JTNFJTBBJTNDcCUzRUF0JTIwb3VyJTIwVGV4YXMlMjBMb2dpc3RpYyUyMFNlcnZpY2VzJTIwd2FyZWhvdXNlJTJDJTIwd2UlMjBvcGVyYXRlJTIwd2l0aCUyMGElMjAwJTI1JTIwc2hyaW5rYWdlJTIwYWxsb3dhbmNlLiUyMFdlJTIwZG9uJUUyJTgwJTk5dCUyMGJlbGlldmUlMjB5b3UlMjBzaG91bGQlMjBzdWZmZXIlMjBhJTIwbG9zcyUyMGZyb20lMjBkYW1hZ2VkJTIwb3IlMjBsb3N0JTIwaW52ZW50b3J5LiUzQyUyRnAlM0UlMEElM0MlMkZkaXYlM0UlMEElM0MlMkZkaXYlM0U=[\/vc_raw_html][\/vc_column_inner][\/vc_row_inner][\/vc_column][\/vc_row][vc_row full_width=&#8221;stretch_row&#8221; equal_height=&#8221;yes&#8221; el_class=&#8221;service-block-1&#8243; css=&#8221;.vc_custom_1668801266038{background-position: center !important;background-repeat: no-repeat !important;background-size: cover !important;}&#8221;][vc_column width=&#8221;1\/2&#8243; el_class=&#8221;service-block-col-1&#8243;][norebro_text]\n<h2><b>\u00dcr\u00fcnlerinizin g\u00fcvenli\u011fi her \u015feyden \u00f6nemlidir.<\/b><\/h2>\n<p><span style=\"font-weight: 400;\">Texas Logistics'te \u00fcr\u00fcnlerinizin g\u00fcvenli\u011fi en \u00f6nemli \u00f6nceli\u011fimizdir. 3PL depomuz 7\/24 g\u00fcvenlik kameralar\u0131 ve son teknoloji \u00fcr\u00fcn\u00fc bir g\u00fcvenlik sistemi ile donat\u0131lm\u0131\u015ft\u0131r. Ayr\u0131ca \u00fcr\u00fcnlerinizi g\u00fcvende tutmaya adanm\u0131\u015f deneyimli profesyonellerden olu\u015fan bir ekibimiz var.<\/span><\/p>\n<p><span style=\"font-weight: 400;\">Bu g\u00fcvenlik \u00f6nlemlerinin yan\u0131 s\u0131ra, 3PL depomuzda tek noktadan giri\u015f sistemi bulunmaktad\u0131r. Bu sistem, \u00fcr\u00fcnlerinizi depoya girerken, dola\u015f\u0131rken ve depodan \u00e7\u0131karken takip etmemizi sa\u011flar. Ayr\u0131ca size \u00fcr\u00fcn\u00fcn\u00fcz\u00fcn hareketleri ve tam konumu hakk\u0131nda ayr\u0131nt\u0131l\u0131 bir rapor sunabiliriz.<\/span><\/p>\n<p><span style=\"font-weight: 400;\">G\u00fcn\u00fcm\u00fcz i\u015f d\u00fcnyas\u0131nda zaman parad\u0131r. \u00dcr\u00fcnlerinizin a\u015f\u0131r\u0131 hava ko\u015fullar\u0131 nedeniyle hasar g\u00f6rmesini veya kaybolmas\u0131n\u0131 g\u00f6ze alamazs\u0131n\u0131z. Bu nedenle 3PL depomuz iklim kontroll\u00fc depolama \u00f6zelli\u011fine sahiptir. \u00dcr\u00fcnlerinizi, m\u00fckemmel durumda kalmalar\u0131n\u0131 sa\u011flamak i\u00e7in s\u0131cakl\u0131k kontroll\u00fc bir ortamda saklayabiliriz. \u0130ster hassas elektronik \u00fcr\u00fcnleri ister s\u0131cakl\u0131\u011fa duyarl\u0131 g\u0131da \u00fcr\u00fcnlerini depolaman\u0131z gereksin, sizin i\u00e7in \u00e7\u00f6z\u00fcm\u00fcm\u00fcz var.<\/span><\/p>\n<p><i><span style=\"font-weight: 400;\">Peki ya bir \u015fey olursa?<\/span><\/i><\/p>\n<p><span style=\"font-weight: 400;\">Texas Logistic Services olarak, hasarl\u0131 veya kay\u0131p envanter nedeniyle zarara u\u011framan\u0131z gerekti\u011fine inanm\u0131yoruz. Talihsiz olaylar olabilir, ancak son teknoloji envanter y\u00f6netim sistemimizle, sizin hatan\u0131z olmayan hasarlar i\u00e7in asla \u00f6deme yapmak zorunda kalmayaca\u011f\u0131n\u0131zdan emin olabilirsiniz. Bu nedenle, tam m\u00fc\u015fteri memnuniyetini sa\u011flamak i\u00e7in 0% \u00e7ekme pay\u0131 ile \u00e7al\u0131\u015f\u0131yoruz.<\/span>[\/norebro_text][\/vc_column][vc_column width=&#8221;1\/2&#8243;][vc_cta h2=&#8221;Do You Need Logistics Warehousing Solutions?&#8221; h4=&#8221;Contact Us Today.&#8221;][\/vc_cta]\n<div class=\"wpcf7 no-js\" id=\"wpcf7-f729-o1\" lang=\"en\" dir=\"ltr\" data-wpcf7-id=\"729\">\n<div class=\"screen-reader-response\"><p role=\"status\" aria-live=\"polite\" aria-atomic=\"true\"><\/p> <ul><\/ul><\/div>\n<form action=\"\/tr\/wp-json\/wp\/v2\/pages\/356#wpcf7-f729-o1\" method=\"post\" class=\"wpcf7-form init\" aria-label=\"\u0130leti\u015fim Formu\" novalidate=\"novalidate\" data-status=\"init\" data-trp-original-action=\"\/tr\/wp-json\/wp\/v2\/pages\/356#wpcf7-f729-o1\">\n<fieldset class=\"hidden-fields-container\"><input type=\"hidden\" name=\"_wpcf7\" value=\"729\" \/><input type=\"hidden\" name=\"_wpcf7_version\" value=\"6.1.3\" \/><input type=\"hidden\" name=\"_wpcf7_locale\" value=\"en\" \/><input type=\"hidden\" name=\"_wpcf7_unit_tag\" value=\"wpcf7-f729-o1\" \/><input type=\"hidden\" name=\"_wpcf7_container_post\" value=\"0\" \/><input type=\"hidden\" name=\"_wpcf7_posted_data_hash\" value=\"\" \/>\n<\/fieldset>\n<div class=\"vc_row\">\n\t<div class=\"wpb_column vc_col-sm-6\">\n\t\t<p><span class=\"wpcf7-form-control-wrap\" data-name=\"your-name\"><input size=\"40\" maxlength=\"400\" class=\"wpcf7-form-control wpcf7-text wpcf7-validates-as-required\" aria-required=\"true\" aria-invalid=\"false\" placeholder=\"Ad Soyad\" value=\"\" type=\"text\" name=\"your-name\" \/><\/span>\n\t\t<\/p>\n\t<\/div>\n\t<div class=\"wpb_column vc_col-sm-6\">\n\t\t<p><span class=\"wpcf7-form-control-wrap\" data-name=\"your-email\"><input size=\"40\" maxlength=\"400\" class=\"wpcf7-form-control wpcf7-email wpcf7-validates-as-required wpcf7-text wpcf7-validates-as-email\" aria-required=\"true\" aria-invalid=\"false\" placeholder=\"E-Mail\" value=\"\" type=\"email\" name=\"your-email\" \/><\/span>\n\t\t<\/p>\n\t<\/div>\n\t<div class=\"wpb_column vc_col-sm-12\">\n\t\t<p><span class=\"wpcf7-form-control-wrap\" data-name=\"current-business-located\"><input size=\"40\" maxlength=\"400\" class=\"wpcf7-form-control wpcf7-text wpcf7-validates-as-required\" aria-required=\"true\" aria-invalid=\"false\" placeholder=\"Mevcut i\u015finiz \u015fu anda nerede depolan\u0131yor?\" value=\"\" type=\"text\" name=\"current-business-located\" \/><\/span>\n\t\t<\/p>\n\t<\/div>\n\t<div class=\"wpb_column vc_col-sm-12\">\n\t\t<p><span class=\"wpcf7-form-control-wrap\" data-name=\"business-size\"><input size=\"40\" maxlength=\"400\" class=\"wpcf7-form-control wpcf7-text wpcf7-validates-as-required\" aria-required=\"true\" aria-invalid=\"false\" placeholder=\"\u0130\u015fletmenizin b\u00fcy\u00fckl\u00fc\u011f\u00fc nedir?\" value=\"\" type=\"text\" name=\"business-size\" \/><\/span>\n\t\t<\/p>\n\t<\/div>\n\t<div class=\"wpb_column vc_col-sm-12\">\n\t\t<p><span class=\"wpcf7-form-control-wrap\" data-name=\"type-of-products-storing\"><input size=\"40\" maxlength=\"400\" class=\"wpcf7-form-control wpcf7-text wpcf7-validates-as-required\" aria-required=\"true\" aria-invalid=\"false\" placeholder=\"Ne t\u00fcr \u00fcr\u00fcnler depoluyorsunuz?\" value=\"\" type=\"text\" name=\"type-of-products-storing\" \/><\/span>\n\t\t<\/p>\n\t<\/div>\n\t<div class=\"wpb_column vc_col-sm-12\">\n\t\t<p><span class=\"wpcf7-form-control-wrap\" data-name=\"average-monthly-volume\"><input size=\"40\" maxlength=\"400\" class=\"wpcf7-form-control wpcf7-text wpcf7-validates-as-required\" aria-required=\"true\" aria-invalid=\"false\" placeholder=\"Ayl\u0131k ortalama hacminiz nedir?\" value=\"\" type=\"text\" name=\"average-monthly-volume\" \/><\/span>\n\t\t<\/p>\n\t<\/div>\n\t<div class=\"wpb_column vc_col-sm-12\">\n\t\t<p><span class=\"wpcf7-form-control-wrap\" data-name=\"space-size-needed\"><input size=\"40\" maxlength=\"400\" class=\"wpcf7-form-control wpcf7-text wpcf7-validates-as-required\" aria-required=\"true\" aria-invalid=\"false\" placeholder=\"Ne kadar alana ihtiyac\u0131n\u0131z olaca\u011f\u0131n\u0131 d\u00fc\u015f\u00fcn\u00fcyorsunuz?\" value=\"\" type=\"text\" name=\"space-size-needed\" \/><\/span>\n\t\t<\/p>\n\t<\/div>\n\t<div class=\"wpb_column vc_col-sm-12\">\n\t\t<p><span class=\"wpcf7-form-control-wrap\" data-name=\"office-space-or-onsite-staff\"><input size=\"40\" maxlength=\"400\" class=\"wpcf7-form-control wpcf7-text wpcf7-validates-as-required\" aria-required=\"true\" aria-invalid=\"false\" placeholder=\"Ofis alan\u0131na veya yerinde personele mi ihtiyac\u0131n\u0131z var?\" value=\"\" type=\"text\" name=\"office-space-or-onsite-staff\" \/><\/span>\n\t\t<\/p>\n\t<\/div>\n\t<div class=\"wpb_column vc_col-sm-12\">\n\t\t<p class=\"btn-form\"><input class=\"wpcf7-form-control wpcf7-submit has-spinner\" type=\"submit\" value=\"Submit\" \/>\n\t\t<\/p>\n\t<\/div>\n<\/div><div class=\"wpcf7-response-output\" aria-hidden=\"true\"><\/div>\n<input type=\"hidden\" name=\"trp-form-language\" value=\"tr\"\/><\/form>\n<\/div>\n[\/vc_column][\/vc_row][vc_row full_width=&#8221;stretch_row&#8221; equal_height=&#8221;yes&#8221; el_class=&#8221;service-block-1&#8243; css=&#8221;.vc_custom_1668801266038{background-position: center !important;background-repeat: no-repeat !important;background-size: cover !important;}&#8221;][vc_column el_class=&#8221;service-block-col-1&#8243;][vc_column_text]\n<h2><b>Y\u00fcksek d\u00fczeyde optimize edilmi\u015f ve verimli depolama standart\u0131m\u0131zd\u0131r<\/b><\/h2>\n<p><span style=\"font-weight: 400;\">Bir 3PL \u015firketi ancak depo y\u00f6netimi kadar iyidir. Texas Logistic Services olarak, envanterinizi ve sipari\u015flerinizi takip etmek i\u00e7in en yeni ve en iyi yaz\u0131l\u0131mlar\u0131 kullan\u0131yoruz. Bu \u015fekilde, envanter seviyelerini ve \u00fcr\u00fcn hareketlerini her zaman takip edebilirsiniz.<\/span><\/p>\n<p><span style=\"font-weight: 400;\">Size zaman ve para kazand\u0131rmak i\u00e7in \u00e7ok \u00e7e\u015fitli envanter y\u00f6netimi hizmetleri sunuyoruz. \u0130ster barkodlama ve izleme, ister d\u00f6ng\u00fc say\u0131m\u0131 veya ba\u015fka bir konuda yard\u0131ma ihtiyac\u0131n\u0131z olsun, ihtiya\u00e7lar\u0131n\u0131za uygun bir \u00e7\u00f6z\u00fcm\u00fc \u00f6zelle\u015ftirebiliriz. Envanterinizle ilgilenmemize izin verin, b\u00f6ylece i\u015finizi y\u00fcr\u00fctmeye odaklanabilirsiniz.<\/span><\/p>\n<p><span style=\"font-weight: 400;\">Bu nedenle t\u00fcm m\u00fc\u015fterilerimiz i\u00e7in 1-2 g\u00fcnl\u00fck stoktan stoka program\u0131 sunuyoruz. Depomuz, envanterinizdeki her bir \u00fcr\u00fcn\u00fc geldikten sonraki 1-2 g\u00fcn i\u00e7inde do\u011fru bir \u015fekilde i\u015fleyecektir. Bu \u015fekilde \u00fcr\u00fcnlerinizi daha h\u0131zl\u0131 pazara sunabilir ve daha erken gelir elde edebilirsiniz. Son teknoloji forkliftlerimiz ve di\u011fer malzeme ta\u015f\u0131ma ekipmanlar\u0131m\u0131z sayesinde \u00fcr\u00fcnlerinizi ta\u015f\u0131mak i\u00e7in gerekli t\u00fcm ara\u00e7lara sahibiz.<\/span><\/p>\n<h2><b>Kit ve ek par\u00e7alar sunuyoruz.<\/b><\/h2>\n<p><span style=\"font-weight: 400;\">Kitleme ve ekler, m\u00fc\u015fterilerimizin en s\u0131k talep etti\u011fi hizmetlerden ikisidir. G\u00f6ndermeniz gereken \u00fcr\u00fcnleri tek bir uygun pakette birle\u015ftirebiliriz. Bu hizmet, m\u00fc\u015fterilerine tek tek \u00fcr\u00fcnler yerine eksiksiz bir \u00e7\u00f6z\u00fcm sunmak isteyen \u00e7evrimi\u00e7i perakendeciler i\u00e7in m\u00fckemmeldir.<\/span><\/p>\n<p><span style=\"font-weight: 400;\">As your 3PL warehouse provider, we offer services such as kitting, light assembly, marketing inserts, and more. We encourage you to take advantage of our capabilities to help you grow your business! <\/span><a href=\"https:\/\/texaslogisticservices.com\/tr\/contact-us\/\"><span style=\"font-weight: 400;\">Bize ula\u015f\u0131n<\/span><\/a><span style=\"font-weight: 400;\"> bug\u00fcn <\/span><a href=\"tel:346-766-2151\"><span style=\"font-weight: 400;\">346-766-2151<\/span><\/a><span style=\"font-weight: 400;\">ve siz en iyi yapt\u0131\u011f\u0131n\u0131z i\u015fe odaklan\u0131rken b\u0131rak\u0131n i\u015fi biz yapal\u0131m.<\/span><\/p>\n<h2><b>M\u00fc\u015fteri memnuniyeti konusunda kendimizle gurur duyuyoruz.<\/b><\/h2>\n<p><span style=\"font-weight: 400;\">Client satisfaction is our number one priority. We offer a wide range of services to meet the needs of every one of our clients. We handle everything from <\/span><a href=\"https:\/\/texaslogisticservices.com\/tr\/3pl-logistics-services\/3pl-warehousing\/\"><span style=\"font-weight: 400;\">warehousing<\/span><\/a><span style=\"font-weight: 400;\"> ve <\/span><a href=\"https:\/\/texaslogisticservices.com\/tr\/3pl-logistics-services\/3pl-fulfillment\/\"><span style=\"font-weight: 400;\">fulfillment<\/span><\/a><span style=\"font-weight: 400;\"> to transportation and logistics. And if there\u2019s something we don\u2019t offer, we\u2019ll find a way to get it done so your business can flourish.<\/span><\/p>\n<p><span style=\"font-weight: 400;\">Hi\u00e7bir i\u015fletmenin ayn\u0131 olmad\u0131\u011f\u0131n\u0131 biliyoruz. \u00d6yleyse depolama ve da\u011f\u0131t\u0131m \u00e7\u00f6z\u00fcmleri neden ayn\u0131 olsun? Texas Logistic Services olarak, \u00f6zel ihtiya\u00e7lar\u0131n\u0131za uyacak \u015fekilde tasarlanm\u0131\u015f \u00f6zelle\u015ftirilmi\u015f depolama ve da\u011f\u0131t\u0131m \u00e7\u00f6z\u00fcmleri sunuyoruz. \u0130ster uzun s\u00fcreli depolamaya ister ge\u00e7ici bir \u00e7\u00f6z\u00fcme ihtiyac\u0131n\u0131z olsun, sizi teminat alt\u0131na al\u0131yoruz. Ve t\u00fcm 3PL hizmetlerindeki rekabet\u00e7i fiyatland\u0131rmam\u0131zla e\u015fle\u015fti\u011finde, kalite veya hizmetten \u00f6d\u00fcn vermeden size m\u00fcmk\u00fcn olan en iyi de\u011feri sunabiliyoruz.<\/span><\/p>\n<p><span style=\"font-weight: 400;\">Taraf\u0131m\u0131zdan tam hesap verebilirlik sa\u011flamak i\u00e7in, ihtiyac\u0131n\u0131z olan bilgileri tam ihtiyac\u0131n\u0131z oldu\u011fu anda size vermek \u00fczere tasarlanm\u0131\u015f geli\u015fmi\u015f bir raporlama sistemine sahibiz. Ger\u00e7ek zamanl\u0131 envanter raporlar\u0131 ile stokta ne oldu\u011funu, neyin sevk edildi\u011fini ve neyin yeniden sipari\u015f edilmesi gerekti\u011fini her zaman bileceksiniz.<\/span><\/p>\n<h2><b>Peki, neden Teksas Lojistik Hizmetleri'ni se\u00e7melisiniz?<\/b><\/h2>\n<p><span style=\"font-weight: 400;\">Bizimle i\u015f ortakl\u0131\u011f\u0131 yapt\u0131\u011f\u0131n\u0131zda, kendini m\u00fckemmelli\u011fe adam\u0131\u015f bir \u015firketle \u00e7al\u0131\u015ft\u0131\u011f\u0131n\u0131zdan emin olabilirsiniz. Hizmetlerimizi geli\u015ftirmek ve m\u00fc\u015fterilerimizin beklentilerini a\u015fmak i\u00e7in her zaman yeni yollar ar\u0131yoruz. \u0130\u015fte Texas Logistic Services'i se\u00e7meniz i\u00e7in nedenlerden sadece birka\u00e7\u0131:<\/span><\/p>\n<ul>\n<li style=\"font-weight: 400;\" aria-level=\"1\"><span style=\"font-weight: 400;\">T\u00fcm lojistik ihtiya\u00e7lar\u0131n\u0131z i\u00e7in tek durak noktas\u0131y\u0131z.<\/span><\/li>\n<li style=\"font-weight: 400;\" aria-level=\"1\"><span style=\"font-weight: 400;\">Kendimizi m\u00fckemmelli\u011fe adad\u0131k.<\/span><\/li>\n<li style=\"font-weight: 400;\" aria-level=\"1\"><span style=\"font-weight: 400;\">Her zaman geli\u015fmek i\u00e7in yeni yollar ar\u0131yoruz.<\/span><\/li>\n<li style=\"font-weight: 400;\" aria-level=\"1\"><span style=\"font-weight: 400;\">Ba\u015far\u0131l\u0131 olman\u0131za yard\u0131mc\u0131 olmak i\u00e7in buraday\u0131z.<\/span><\/li>\n<\/ul>\n<p><span style=\"font-weight: 400;\">If you\u2019re looking for a partner who can help you streamline your operations and improve your bottom line, <\/span><a href=\"https:\/\/texaslogisticservices.com\/tr\/contact-us\/\"><span style=\"font-weight: 400;\">contact Texas Logistic Services<\/span><\/a><span style=\"font-weight: 400;\"> bug\u00fcn <\/span><a href=\"tel:832-955-5334\"><span style=\"font-weight: 400;\">346-766-2151<\/span><\/a><span style=\"font-weight: 400;\">. We\u2019ll be happy to discuss our services and how we can help you achieve your goals.<\/span><\/p>\n<h2><b>Bizimle 3PL Depolama<\/b><\/h2>\n<p><span style=\"font-weight: 400;\">3PL sa\u011flay\u0131c\u0131n\u0131z olarak, \u00f6zel ihtiya\u00e7lar\u0131n\u0131z\u0131 kar\u015f\u0131layan \u00f6zelle\u015ftirilmi\u015f bir lojistik \u00e7\u00f6z\u00fcm\u00fc geli\u015ftirmek i\u00e7in sizinle birlikte \u00e7al\u0131\u015faca\u011f\u0131z. M\u00fc\u015fterilerimize a\u015fa\u011f\u0131daki avantajlar\u0131 sunmaktan gurur duyuyoruz:<\/span><\/p>\n<ul>\n<li style=\"font-weight: 400;\" aria-level=\"1\"><span style=\"font-weight: 400;\"><strong>Improved efficiency:<\/strong> Operasyonlar\u0131n\u0131z\u0131 kolayla\u015ft\u0131rman\u0131za ve maliyetleri azaltman\u0131za yard\u0131mc\u0131 olaca\u011f\u0131z.<\/span><\/li>\n<li style=\"font-weight: 400;\" aria-level=\"1\"><span style=\"font-weight: 400;\"><strong>In-depth knowledge:<\/strong> Ekibimiz lojistik sekt\u00f6r\u00fcnde geni\u015f deneyime sahiptir ve bilgi birikimimizi ba\u015far\u0131l\u0131 olman\u0131za yard\u0131mc\u0131 olmak i\u00e7in kullanaca\u011f\u0131z.<\/span><\/li>\n<li style=\"font-weight: 400;\" aria-level=\"1\"><span style=\"font-weight: 400;\"><strong>Increased flexibility:<\/strong> Geni\u015f bir hizmet yelpazesi sunuyoruz, b\u00f6ylece ihtiya\u00e7lar\u0131n\u0131z\u0131 kar\u015f\u0131layacak en iyi \u00e7\u00f6z\u00fcm\u00fc \u00f6zelle\u015ftirmenize yard\u0131mc\u0131 olabiliriz.<\/span><\/li>\n<\/ul>\n<h2><b>Birlikte \u00c7al\u0131\u015fal\u0131m<\/b><\/h2>\n<p><span style=\"font-weight: 400;\">Ba\u015far\u0131m\u0131z\u0131n m\u00fc\u015fterilerimizin ba\u015far\u0131s\u0131yla do\u011frudan ba\u011flant\u0131l\u0131 oldu\u011funa inan\u0131yoruz, bu nedenle m\u00fc\u015fterilerimizin hizmetlerimizden memnun kalmalar\u0131n\u0131 sa\u011flamak i\u00e7in her zaman ekstra yol kat ediyoruz. G\u00fcvenebilece\u011finiz profesyonel ve ilgili bir 3PL sa\u011flay\u0131c\u0131s\u0131 ar\u0131yorsan\u0131z, Texas Logistic Services'ten ba\u015fkas\u0131na bakmay\u0131n. \u00d6zel i\u015f ihtiya\u00e7lar\u0131n\u0131z i\u00e7in m\u00fcmk\u00fcn olan en iyi \u00e7\u00f6z\u00fcm\u00fc bulmak i\u00e7in sizinle birlikte \u00e7al\u0131\u015faca\u011f\u0131z.<\/span>[\/vc_column_text][\/vc_column][\/vc_row][vc_row full_width=&#8221;stretch_row&#8221; equal_height=&#8221;yes&#8221; content_placement=&#8221;middle&#8221; css=&#8221;.vc_custom_1655310312315{padding-top: 30px !important;padding-bottom: 30px !important;background-color: #ce0e2d !important;}&#8221; el_class=&#8221;home-cta-row&#8221;][vc_column width=&#8221;1\/2&#8243;][norebro_text text_color=&#8221;#ffffff&#8221;]\n<h4>Minimize Time Between Your Wholesalers, Retailers, and Direct Customers<\/h4>\n<p>Call us today to get started![\/norebro_text][\/vc_column][vc_column width=&#8221;1\/2&#8243; el_class=&#8221;cta-btn-col&#8221;][norebro_text]<a class=\"phone-num\" href=\"tel:832-955-5334\"> 346-766-2151<\/a> Or <a class=\"btn-cta\" href=\"\/tr\/contact\/\">\u0130leti\u015fime Ge\u00e7in<\/a>[\/norebro_text][\/vc_column][\/vc_row]","protected":false},"excerpt":{"rendered":"<p>[vc_row full_width=&#8221;stretch_row&#8221; equal_height=&#8221;yes&#8221; el_class=&#8221;service-block-1&#8243; css=&#8221;.vc_custom_1668801266038{background-position: center !important;background-repeat: no-repeat !important;background-size: cover !important;}&#8221;][vc_column el_class=&#8221;service-block-col-1&#8243;][vc_raw_html]JTNDaDMlM0UlM0NzcGFuJTIwY2xhc3MlM0QlMjJmYXMlMjBmYS1wZW9wbGUtY2FycnklMjIlM0UlM0MlMkZzcGFuJTNFJTIwM1BMJTIwJTNDc3BhbiUyMGNsYXNzJTNEJTIycmVkJTIyJTNFV2FyZWhvdXNpbmclM0MlMkZzcGFuJTNFJTNDJTJGaDMlM0U=[\/vc_raw_html][norebro_text]Most businesses have&#8230;<\/p>","protected":false},"author":13,"featured_media":612,"parent":304,"menu_order":0,"comment_status":"closed","ping_status":"closed","template":"","meta":{"_joinchat":[],"footnotes":""},"class_list":["post-356","page","type-page","status-publish","has-post-thumbnail","hentry"],"acf":[],"aioseo_notices":[],"_links":{"self":[{"href":"https:\/\/texaslogisticservices.com\/tr\/wp-json\/wp\/v2\/pages\/356","targetHints":{"allow":["GET"]}}],"collection":[{"href":"https:\/\/texaslogisticservices.com\/tr\/wp-json\/wp\/v2\/pages"}],"about":[{"href":"https:\/\/texaslogisticservices.com\/tr\/wp-json\/wp\/v2\/types\/page"}],"author":[{"embeddable":true,"href":"https:\/\/texaslogisticservices.com\/tr\/wp-json\/wp\/v2\/users\/13"}],"replies":[{"embeddable":true,"href":"https:\/\/texaslogisticservices.com\/tr\/wp-json\/wp\/v2\/comments?post=356"}],"version-history":[{"count":0,"href":"https:\/\/texaslogisticservices.com\/tr\/wp-json\/wp\/v2\/pages\/356\/revisions"}],"up":[{"embeddable":true,"href":"https:\/\/texaslogisticservices.com\/tr\/wp-json\/wp\/v2\/pages\/304"}],"wp:featuredmedia":[{"embeddable":true,"href":"https:\/\/texaslogisticservices.com\/tr\/wp-json\/wp\/v2\/media\/612"}],"wp:attachment":[{"href":"https:\/\/texaslogisticservices.com\/tr\/wp-json\/wp\/v2\/media?parent=356"}],"curies":[{"name":"wp","href":"https:\/\/api.w.org\/{rel}","templated":true}]}}