{"id":1610,"date":"2023-04-10T15:34:34","date_gmt":"2023-04-10T15:34:34","guid":{"rendered":"https:\/\/texaslogisticservices.com\/?page_id=1610"},"modified":"2025-08-11T21:53:53","modified_gmt":"2025-08-11T21:53:53","slug":"dry-food-storage-warehousing-old","status":"publish","type":"page","link":"https:\/\/texaslogisticservices.com\/tr\/dry-food-storage-warehousing-old\/","title":{"rendered":"Dry Food Storage Warehousing old"},"content":{"rendered":"[vc_row][vc_column][vc_column_text]\n\n\n<\/p>\n<h2 class=\"wp-block-heading\">Kuru G\u0131da Depolama Depoculu\u011fu<\/h2>\n\n\n<p><\/p>\n\n\nHave you been burned before by warehouses with dry food storage without temperature control? <a href=\"https:\/\/texaslogisticservices.com\/tr\/\">Teksas Lojistik ve G\u00f6nderim Hizmetleri<\/a> has climate-controlled warehouse services, so your food retains quality.<\/p>\n\n\n<p><\/p>\n\n\nDry storage warehousing is an integral part of the food and grocery industries. It provides a clean and dry environment for canned goods, packaged snacks, and sauces. Our warehouses will also provide temperature control to prevent a product from freezing or melting. In addition, our dry storage must also account for humidity to prevent any damage or spoilage to the product.<\/p>\n\n\n\n<p class=\"has-text-align-center\"><img fetchpriority=\"high\" decoding=\"async\" src=\"https:\/\/lh5.googleusercontent.com\/yuJrSa1S4lf5eAj0q0Rb71RqdDaNURUcyyN6bXNIS05nTfNCURfLqcjEQp86nf0NjTzvA9_oMQ9K8D1oazHyTA4ITxyHeUpf6Y9hVzKkVfrCO91mN0TsjD-WBsDlt-G8Pr39l2rCAQIP2bfPLtaFx2s\" width=\"624\" height=\"345\"><\/p>\n\n\n<h2><\/h2>\n\n\nWhy Choose a Climate-Controlled Warehouse?<\/h2>\n\n\n<p><\/p>\n\n\nKuru g\u0131dan\u0131z\u0131 iklim kontroll\u00fc bir depoda saklamak neden bu kadar \u00f6nemlidir? Kuru g\u0131dan\u0131z\u0131 s\u0131cakl\u0131k kontroll\u00fc bir depoda saklamak g\u0131da \u00fcr\u00fcnlerinin kalitesini korur. G\u0131da \u00fcr\u00fcnlerinin temiz ve kuru bir ortamda tutulmas\u0131, k\u00fcf veya k\u00fcflenmeden zarar g\u00f6rmelerini \u00f6nler. Ayr\u0131ca, ortam\u0131n s\u0131cakl\u0131\u011f\u0131n\u0131n ve neminin kontrol edilmesi g\u0131dalar\u0131n bozulmas\u0131n\u0131 veya ek\u015fimesini \u00f6nlemeye yard\u0131mc\u0131 olur.<\/p>\n\n\n<p><\/p>\n\n\nKuru depolama deposu hizmetlerimizi kullanman\u0131n bir\u00e7ok faydas\u0131 vard\u0131r. Kuru depolama depolar\u0131 g\u0131da \u00fcr\u00fcnlerinin taze kalmas\u0131na ve zarar g\u00f6rmemesine yard\u0131mc\u0131 olur. Ayr\u0131ca g\u0131da \u00fcr\u00fcnlerinin bozulmas\u0131n\u0131 veya koku\u015fmas\u0131n\u0131 \u00f6nlemeye de yard\u0131mc\u0131 olurlar. Buna ek olarak, kuru depolama depolar\u0131 g\u0131da israf\u0131n\u0131 \u00f6nleyerek paradan tasarruf edilmesine yard\u0131mc\u0131 olur. S\u0131cakl\u0131k kontrol\u00fc olmadan baz\u0131 \u00fcr\u00fcnler donabilir veya eriyebilir, bu da \u00fcr\u00fcn hasar\u0131na ve para kayb\u0131na yol a\u00e7abilir. Depolar\u0131m\u0131zla, t\u00fcm \u00fcr\u00fcnlerinizin do\u011fru s\u0131cakl\u0131kta kald\u0131\u011f\u0131ndan emin olabilirsiniz, b\u00f6ylece kalitelerini korurlar ve yenilebilir kal\u0131rlar.<\/p>\n\n\n\n<h2 class=\"wp-block-heading\">Nem Kontrol\u00fc<\/h2>\n\n\n<p><\/p>\n\n\nG\u0131dalar\u0131 saklarken g\u00f6z \u00f6n\u00fcnde bulundurulmas\u0131 gereken bir di\u011fer kritik fakt\u00f6r de nemdir. Konserve \u00fcr\u00fcnler, soslar ve paketlenmi\u015f at\u0131\u015ft\u0131rmal\u0131klar gibi bir\u00e7ok \u00fcr\u00fcn d\u00fc\u015f\u00fck nemli bir ortamda saklanmal\u0131d\u0131r, \u00e7\u00fcnk\u00fc y\u00fcksek nem seviyeleri k\u00fcf olu\u015fumuna veya bozulmaya yol a\u00e7abilir. Depolar\u0131m\u0131zda bu t\u00fcr olaylar\u0131 \u00f6nlemek i\u00e7in ba\u011f\u0131l nem seviyelerini yeterince d\u00fc\u015f\u00fck tutan nem kontrol sistemleri bulunmaktad\u0131r.<\/p>\n\n\n\n<h2 class=\"wp-block-heading\">G\u00fcvenilirlik ve G\u00fcvenlik<\/h2>\n\n\n<p><\/p>\n\n\nTexas Logistic and Fulfillment Services olarak de\u011ferli varl\u0131klar\u0131n\u0131z\u0131 zarar g\u00f6rmekten veya \u00e7al\u0131nmaktan koruman\u0131n ne kadar \u00f6nemli oldu\u011funu biliyoruz. Bu nedenle, \u00fcr\u00fcnlerinizin gece g\u00fcnd\u00fcz g\u00fcvenli\u011fini sa\u011flamak i\u00e7in tesislerimizde 7\/24 izleme ile g\u00fcvenilir ve g\u00fcvenli kuru depolama \u00e7\u00f6z\u00fcmleri sunuyoruz. Ayr\u0131ca, nakliye s\u0131ras\u0131nda da \u00fcr\u00fcnlerinizin en iyi \u015fekilde korunmas\u0131 i\u00e7in farkl\u0131 malzeme t\u00fcrlerini g\u00fcvenli bir \u015fekilde ta\u015f\u0131ma konusunda deneyimli bir saha personelimiz var!<\/p>\n\n\n\n<h2 class=\"wp-block-heading\">What are the Benefits of Using a Dry Storage Warehouse?<\/h2>\n\n\n<p><\/p>\n\n\nDry storage warehouses are beneficial not only to the food industry but also to the environment. By preventing food waste, dry storage warehouses help to reduce greenhouse gas emissions. Greenhouse gas emissions are released when organic matter, such as food, decomposes in landfills. Therefore, by preventing food waste, dry storage warehouses are helping to reduce greenhouse gas emissions and fight climate change.<\/p>\n\n\n<p><\/p>\n\n\nFurthermore, dry storage warehouses help to keep food products safe from pests, mold, and bacteria. They also allow foods with different shelf life requirements to be stored together without spoiling each other. This helps to reduce costs associated with sorting, repacking, and storing food by shelf-life period. Additionally, dry storage warehouses can help to improve dry food longevity.<\/p>\n\n\n<p><\/p>\n\n\nA dry storage warehouse is integral to the food and grocery industries. It provides a clean and dry environment for foods which helps to preserve their quality. In addition, dry storage warehouses help to save money by preventing food waste, and they help to protect the environment by reducing greenhouse gas emissions. If you regularly store dry food products, consider using <a href=\"https:\/\/texaslogisticservices.com\/tr\/\">Teksas Lojistik ve G\u00f6nderim Hizmetleri<\/a>&#8216; dry storage warehouse services for your business.<\/p>\n\n\n<p><\/p>\n\n\nChoosing a climate-controlled warehouse for food storage is essential to successful product management within the food and grocery industries. It ensures temperature control, humidity control, reliability, security, and peace of mind that your valuable assets are safe from harm or theft while stored in our warehouses. If you\u2019re looking for a reliable dry storage solution for any material\u2014from canned goods to sauces\u2014get started with us today at Texas Logistic &amp; Fulfillment Services!<\/p>\n\n\n<p>&nbsp;<\/p>\n[\/vc_column_text][\/vc_column][\/vc_row][vc_row][vc_column][vc_cta h2=&#8221;Contact Us Today&#8221;][\/vc_cta]\n<div class=\"wpcf7 no-js\" id=\"wpcf7-f729-o1\" lang=\"en\" dir=\"ltr\" data-wpcf7-id=\"729\">\n<div class=\"screen-reader-response\"><p role=\"status\" aria-live=\"polite\" aria-atomic=\"true\"><\/p> <ul><\/ul><\/div>\n<form action=\"\/tr\/wp-json\/wp\/v2\/pages\/1610#wpcf7-f729-o1\" method=\"post\" class=\"wpcf7-form init\" aria-label=\"\u0130leti\u015fim Formu\" novalidate=\"novalidate\" data-status=\"init\" data-trp-original-action=\"\/tr\/wp-json\/wp\/v2\/pages\/1610#wpcf7-f729-o1\">\n<fieldset class=\"hidden-fields-container\"><input type=\"hidden\" name=\"_wpcf7\" value=\"729\" \/><input type=\"hidden\" name=\"_wpcf7_version\" value=\"6.1.3\" \/><input type=\"hidden\" name=\"_wpcf7_locale\" value=\"en\" \/><input type=\"hidden\" name=\"_wpcf7_unit_tag\" value=\"wpcf7-f729-o1\" \/><input type=\"hidden\" name=\"_wpcf7_container_post\" value=\"0\" \/><input type=\"hidden\" name=\"_wpcf7_posted_data_hash\" value=\"\" \/>\n<\/fieldset>\n<div class=\"vc_row\">\n\t<div class=\"wpb_column vc_col-sm-6\">\n\t\t<p><span class=\"wpcf7-form-control-wrap\" data-name=\"your-name\"><input size=\"40\" maxlength=\"400\" class=\"wpcf7-form-control wpcf7-text wpcf7-validates-as-required\" aria-required=\"true\" aria-invalid=\"false\" placeholder=\"Ad Soyad\" value=\"\" type=\"text\" name=\"your-name\" \/><\/span>\n\t\t<\/p>\n\t<\/div>\n\t<div class=\"wpb_column vc_col-sm-6\">\n\t\t<p><span class=\"wpcf7-form-control-wrap\" data-name=\"your-email\"><input size=\"40\" maxlength=\"400\" class=\"wpcf7-form-control wpcf7-email wpcf7-validates-as-required wpcf7-text wpcf7-validates-as-email\" aria-required=\"true\" aria-invalid=\"false\" placeholder=\"E-Mail\" value=\"\" type=\"email\" name=\"your-email\" \/><\/span>\n\t\t<\/p>\n\t<\/div>\n\t<div class=\"wpb_column vc_col-sm-12\">\n\t\t<p><span class=\"wpcf7-form-control-wrap\" data-name=\"current-business-located\"><input size=\"40\" maxlength=\"400\" class=\"wpcf7-form-control wpcf7-text wpcf7-validates-as-required\" aria-required=\"true\" aria-invalid=\"false\" placeholder=\"Mevcut i\u015finiz \u015fu anda nerede depolan\u0131yor?\" value=\"\" type=\"text\" name=\"current-business-located\" \/><\/span>\n\t\t<\/p>\n\t<\/div>\n\t<div class=\"wpb_column vc_col-sm-12\">\n\t\t<p><span class=\"wpcf7-form-control-wrap\" data-name=\"business-size\"><input size=\"40\" maxlength=\"400\" class=\"wpcf7-form-control wpcf7-text wpcf7-validates-as-required\" aria-required=\"true\" aria-invalid=\"false\" placeholder=\"\u0130\u015fletmenizin b\u00fcy\u00fckl\u00fc\u011f\u00fc nedir?\" value=\"\" type=\"text\" name=\"business-size\" \/><\/span>\n\t\t<\/p>\n\t<\/div>\n\t<div class=\"wpb_column vc_col-sm-12\">\n\t\t<p><span class=\"wpcf7-form-control-wrap\" data-name=\"type-of-products-storing\"><input size=\"40\" maxlength=\"400\" class=\"wpcf7-form-control wpcf7-text wpcf7-validates-as-required\" aria-required=\"true\" aria-invalid=\"false\" placeholder=\"Ne t\u00fcr \u00fcr\u00fcnler depoluyorsunuz?\" value=\"\" type=\"text\" name=\"type-of-products-storing\" \/><\/span>\n\t\t<\/p>\n\t<\/div>\n\t<div class=\"wpb_column vc_col-sm-12\">\n\t\t<p><span class=\"wpcf7-form-control-wrap\" data-name=\"average-monthly-volume\"><input size=\"40\" maxlength=\"400\" class=\"wpcf7-form-control wpcf7-text wpcf7-validates-as-required\" aria-required=\"true\" aria-invalid=\"false\" placeholder=\"Ayl\u0131k ortalama hacminiz nedir?\" value=\"\" type=\"text\" name=\"average-monthly-volume\" \/><\/span>\n\t\t<\/p>\n\t<\/div>\n\t<div class=\"wpb_column vc_col-sm-12\">\n\t\t<p><span class=\"wpcf7-form-control-wrap\" data-name=\"space-size-needed\"><input size=\"40\" maxlength=\"400\" class=\"wpcf7-form-control wpcf7-text wpcf7-validates-as-required\" aria-required=\"true\" aria-invalid=\"false\" placeholder=\"Ne kadar alana ihtiyac\u0131n\u0131z olaca\u011f\u0131n\u0131 d\u00fc\u015f\u00fcn\u00fcyorsunuz?\" value=\"\" type=\"text\" name=\"space-size-needed\" \/><\/span>\n\t\t<\/p>\n\t<\/div>\n\t<div class=\"wpb_column vc_col-sm-12\">\n\t\t<p><span class=\"wpcf7-form-control-wrap\" data-name=\"office-space-or-onsite-staff\"><input size=\"40\" maxlength=\"400\" class=\"wpcf7-form-control wpcf7-text wpcf7-validates-as-required\" aria-required=\"true\" aria-invalid=\"false\" placeholder=\"Ofis alan\u0131na veya yerinde personele mi ihtiyac\u0131n\u0131z var?\" value=\"\" type=\"text\" name=\"office-space-or-onsite-staff\" \/><\/span>\n\t\t<\/p>\n\t<\/div>\n\t<div class=\"wpb_column vc_col-sm-12\">\n\t\t<p class=\"btn-form\"><input class=\"wpcf7-form-control wpcf7-submit has-spinner\" type=\"submit\" value=\"Submit\" \/>\n\t\t<\/p>\n\t<\/div>\n<\/div><div class=\"wpcf7-response-output\" aria-hidden=\"true\"><\/div>\n<input type=\"hidden\" name=\"trp-form-language\" value=\"tr\"\/><\/form>\n<\/div>\n[\/vc_column][\/vc_row]","protected":false},"excerpt":{"rendered":"<p>[vc_row][vc_column][vc_column_text] Dry Food Storage Warehousing Have you been burned before by warehouses with dry&#8230;<\/p>","protected":false},"author":13,"featured_media":375,"parent":0,"menu_order":0,"comment_status":"closed","ping_status":"closed","template":"","meta":{"_joinchat":[],"footnotes":""},"class_list":["post-1610","page","type-page","status-publish","has-post-thumbnail","hentry"],"acf":[],"aioseo_notices":[],"_links":{"self":[{"href":"https:\/\/texaslogisticservices.com\/tr\/wp-json\/wp\/v2\/pages\/1610","targetHints":{"allow":["GET"]}}],"collection":[{"href":"https:\/\/texaslogisticservices.com\/tr\/wp-json\/wp\/v2\/pages"}],"about":[{"href":"https:\/\/texaslogisticservices.com\/tr\/wp-json\/wp\/v2\/types\/page"}],"author":[{"embeddable":true,"href":"https:\/\/texaslogisticservices.com\/tr\/wp-json\/wp\/v2\/users\/13"}],"replies":[{"embeddable":true,"href":"https:\/\/texaslogisticservices.com\/tr\/wp-json\/wp\/v2\/comments?post=1610"}],"version-history":[{"count":0,"href":"https:\/\/texaslogisticservices.com\/tr\/wp-json\/wp\/v2\/pages\/1610\/revisions"}],"wp:featuredmedia":[{"embeddable":true,"href":"https:\/\/texaslogisticservices.com\/tr\/wp-json\/wp\/v2\/media\/375"}],"wp:attachment":[{"href":"https:\/\/texaslogisticservices.com\/tr\/wp-json\/wp\/v2\/media?parent=1610"}],"curies":[{"name":"wp","href":"https:\/\/api.w.org\/{rel}","templated":true}]}}