{"id":1467,"date":"2023-03-07T14:57:25","date_gmt":"2023-03-07T14:57:25","guid":{"rendered":"https:\/\/texaslogisticservices.com\/?page_id=1467"},"modified":"2025-08-17T03:55:40","modified_gmt":"2025-08-17T03:55:40","slug":"small-office-space-available-old","status":"publish","type":"page","link":"https:\/\/texaslogisticservices.com\/tr\/small-office-space-available-old\/","title":{"rendered":"Small Office Space Available old"},"content":{"rendered":"[vc_row][vc_column width=&#8221;1\/2&#8243;][vc_column_text]\n<h2>Ofis Alan\u0131<\/h2>\n<p><\/p>\n\n\nWhether you\u2019re a freelancer looking for a shared workspace or a small business owner seeking an affordable office, renting a small office space can be the perfect solution. Small office spaces are becoming increasingly popular with lower costs and more flexible options than larger spaces. Explore the benefits of leasing small office space with <a href=\"https:\/\/texaslogisticservices.com\/tr\/\">Texas Logistic and Fulfillment Services.<\/a><\/p>\n\n\n\n\n<h2>Uygun Maliyetli Se\u00e7enek<\/h2>\n<p><!-- \/wp:post-content --><\/p>\n<p><!-- wp:paragraph -->K\u00fc\u00e7\u00fck bir ofis alan\u0131, daha d\u00fc\u015f\u00fck kira ve daha az bak\u0131m maliyeti anlam\u0131na gelir. Bu da i\u015finizi y\u00fcr\u00fctmek i\u00e7in ihtiya\u00e7 duydu\u011funuz profesyonel ortama sahip olurken b\u00fct\u00e7enizi kontrol alt\u0131nda tutmay\u0131 \u00e7ok daha y\u00f6netilebilir hale getirir. Uzun vadeli kiralamalar veya pahal\u0131 mobilyalar konusunda endi\u015felenmenize gerek yok; ihtiyac\u0131n\u0131z olan tek \u015fey kendiniz ve \u00e7al\u0131\u015fanlar\u0131n\u0131z i\u00e7in yeterli alan. Gelecekte ta\u015f\u0131nmaya veya geni\u015flemeye karar verirseniz, daha k\u00fc\u00e7\u00fck bir alanla bunu yapmak \u00e7ok daha kolay ve ucuzdur.<\/p>\n<h2>Esnek Se\u00e7enekler<\/h2>\n<p><!-- \/wp:paragraph --><\/p>\n<p><!-- wp:paragraph -->Daha k\u00fc\u00e7\u00fck ofisler, alan\u0131 nas\u0131l kullanaca\u011f\u0131n\u0131z konusunda da daha fazla esneklik sunar. Buray\u0131 yaln\u0131zca ofis olarak kullanabilir veya toplant\u0131 alanlar\u0131, s\u0131n\u0131flar veya ortak \u00e7al\u0131\u015fma alanlar\u0131 gibi i\u015f ihtiya\u00e7lar\u0131n\u0131za en uygun \u015fekilde d\u00f6n\u00fc\u015ft\u00fcrebilirsiniz. Bu sayede daha verimli \u00e7al\u0131\u015fabilir ve tadilat i\u00e7in fazladan para harcamadan alan\u0131n\u0131zdan daha fazla yararlanabilirsiniz.<\/p>\n[\/vc_column_text][\/vc_column][vc_column width=&#8221;1\/2&#8243;][vc_cta h2=&#8221;If You Need Office Space. Contact Us Today.&#8221;][\/vc_cta]\n<div class=\"wpcf7 no-js\" id=\"wpcf7-f238-o1\" lang=\"en\" dir=\"ltr\" data-wpcf7-id=\"238\">\n<div class=\"screen-reader-response\"><p role=\"status\" aria-live=\"polite\" aria-atomic=\"true\"><\/p> <ul><\/ul><\/div>\n<form action=\"\/tr\/wp-json\/wp\/v2\/pages\/1467#wpcf7-f238-o1\" method=\"post\" class=\"wpcf7-form init\" aria-label=\"\u0130leti\u015fim Formu\" novalidate=\"novalidate\" data-status=\"init\" data-trp-original-action=\"\/tr\/wp-json\/wp\/v2\/pages\/1467#wpcf7-f238-o1\">\n<fieldset class=\"hidden-fields-container\"><input type=\"hidden\" name=\"_wpcf7\" value=\"238\" \/><input type=\"hidden\" name=\"_wpcf7_version\" value=\"6.1.3\" \/><input type=\"hidden\" name=\"_wpcf7_locale\" value=\"en\" \/><input type=\"hidden\" name=\"_wpcf7_unit_tag\" value=\"wpcf7-f238-o1\" \/><input type=\"hidden\" name=\"_wpcf7_container_post\" value=\"0\" \/><input type=\"hidden\" name=\"_wpcf7_posted_data_hash\" value=\"\" \/>\n<\/fieldset>\n<div class=\"vc_row\">\n\t<div class=\"wpb_column vc_col-sm-6\">\n\t\t<p><span class=\"wpcf7-form-control-wrap\" data-name=\"first-name\"><input size=\"40\" maxlength=\"400\" class=\"wpcf7-form-control wpcf7-text wpcf7-validates-as-required\" aria-required=\"true\" aria-invalid=\"false\" placeholder=\"First Name\" value=\"\" type=\"text\" name=\"first-name\" \/><\/span>\n\t\t<\/p>\n\t<\/div>\n\t<div class=\"wpb_column vc_col-sm-6\">\n\t\t<p><span class=\"wpcf7-form-control-wrap\" data-name=\"last-name\"><input size=\"40\" maxlength=\"400\" class=\"wpcf7-form-control wpcf7-text wpcf7-validates-as-required\" aria-required=\"true\" aria-invalid=\"false\" placeholder=\"Last Name\" value=\"\" type=\"text\" name=\"last-name\" \/><\/span>\n\t\t<\/p>\n\t<\/div>\n\t<div class=\"wpb_column vc_col-sm-6\">\n\t\t<p><span class=\"wpcf7-form-control-wrap\" data-name=\"your-email\"><input size=\"40\" maxlength=\"400\" class=\"wpcf7-form-control wpcf7-email wpcf7-validates-as-required wpcf7-text wpcf7-validates-as-email\" aria-required=\"true\" aria-invalid=\"false\" placeholder=\"E-Mail\" value=\"\" type=\"email\" name=\"your-email\" \/><\/span>\n\t\t<\/p>\n\t<\/div>\n\t<div class=\"wpb_column vc_col-sm-6\">\n\t\t<p><span class=\"wpcf7-form-control-wrap\" data-name=\"your-phone\"><input size=\"40\" maxlength=\"400\" class=\"wpcf7-form-control wpcf7-text wpcf7-validates-as-required\" aria-required=\"true\" aria-invalid=\"false\" placeholder=\"Telefon\" value=\"\" type=\"text\" name=\"your-phone\" \/><\/span>\n\t\t<\/p>\n\t<\/div>\n\t<div class=\"wpb_column vc_col-sm-6\">\n\t\t<p><span class=\"wpcf7-form-control-wrap\" data-name=\"company-name\"><input size=\"40\" maxlength=\"400\" class=\"wpcf7-form-control wpcf7-text wpcf7-validates-as-required\" aria-required=\"true\" aria-invalid=\"false\" placeholder=\"Company Name\" value=\"\" type=\"text\" name=\"company-name\" \/><\/span>\n\t\t<\/p>\n\t<\/div>\n\t<div class=\"wpb_column vc_col-sm-6\">\n\t\t<p><span class=\"wpcf7-form-control-wrap\" data-name=\"company-website\"><input size=\"40\" maxlength=\"400\" class=\"wpcf7-form-control wpcf7-text wpcf7-validates-as-required\" aria-required=\"true\" aria-invalid=\"false\" placeholder=\"Company Website\" value=\"\" type=\"text\" name=\"company-website\" \/><\/span>\n\t\t<\/p>\n\t<\/div>\n\t<div class=\"wpb_column vc_col-sm-12\">\n\t\t<p><span class=\"wpcf7-form-control-wrap\" data-name=\"your-message\"><textarea cols=\"40\" rows=\"10\" maxlength=\"2000\" class=\"wpcf7-form-control wpcf7-textarea\" aria-invalid=\"false\" placeholder=\"Type your message here\" name=\"your-message\"><\/textarea><\/span>\n\t\t<\/p>\n\t\t<p class=\"btn-form\"><input class=\"wpcf7-form-control wpcf7-submit has-spinner\" type=\"submit\" value=\"Send Message\" \/>\n\t\t<\/p>\n\t<\/div>\n<\/div><div class=\"wpcf7-response-output\" aria-hidden=\"true\"><\/div>\n<input type=\"hidden\" name=\"trp-form-language\" value=\"tr\"\/><\/form>\n<\/div>\n[\/vc_column][\/vc_row][vc_row][vc_column][vc_column_text]<!-- \/wp:paragraph --><\/p>\n<p><!-- wp:heading \/--><br>\n<!-- wp:heading --><\/p>\n<h2>Daha Fazla Gizlilik<\/h2>\n<p><!-- \/wp:heading --><\/p>\n<p><!-- wp:paragraph -->Finally, renting a smaller office space gives you greater privacy than working from home or using public spaces like coffee shops and libraries. Your private workspace makes it easier to focus on tasks without distraction, allowing you to stay productive in a comfortable environment tailored specifically to your business needs.<\/p>\n<p><!-- \/wp:paragraph --><\/p>\n<p><!-- wp:paragraph -->Renting out a small office space can benefit freelancers and businesses alike. With lower costs than large workspaces and more flexible options, plus the bonus of greater privacy compared to public spaces like cafes or libraries, renting out a small office offers unbeatable convenience and value for money \u2013 making it the perfect choice for those who want an affordable option that provides them with everything they need from <a href=\"https:\/\/texaslogisticservices.com\/tr\/\">Teksas Lojistik ve G\u00f6nderim Hizmetleri<\/a>.<\/p>\n<p><!-- \/wp:paragraph --><\/p>\n<p>&nbsp;<\/p>\n[\/vc_column_text][\/vc_column][\/vc_row]","protected":false},"excerpt":{"rendered":"<p>[vc_row][vc_column width=&#8221;1\/2&#8243;][vc_column_text] Office Space Whether you\u2019re a freelancer looking for a shared workspace or&#8230;<\/p>","protected":false},"author":13,"featured_media":1621,"parent":0,"menu_order":0,"comment_status":"closed","ping_status":"closed","template":"","meta":{"_joinchat":[],"footnotes":""},"class_list":["post-1467","page","type-page","status-publish","has-post-thumbnail","hentry"],"acf":[],"aioseo_notices":[],"_links":{"self":[{"href":"https:\/\/texaslogisticservices.com\/tr\/wp-json\/wp\/v2\/pages\/1467","targetHints":{"allow":["GET"]}}],"collection":[{"href":"https:\/\/texaslogisticservices.com\/tr\/wp-json\/wp\/v2\/pages"}],"about":[{"href":"https:\/\/texaslogisticservices.com\/tr\/wp-json\/wp\/v2\/types\/page"}],"author":[{"embeddable":true,"href":"https:\/\/texaslogisticservices.com\/tr\/wp-json\/wp\/v2\/users\/13"}],"replies":[{"embeddable":true,"href":"https:\/\/texaslogisticservices.com\/tr\/wp-json\/wp\/v2\/comments?post=1467"}],"version-history":[{"count":0,"href":"https:\/\/texaslogisticservices.com\/tr\/wp-json\/wp\/v2\/pages\/1467\/revisions"}],"wp:featuredmedia":[{"embeddable":true,"href":"https:\/\/texaslogisticservices.com\/tr\/wp-json\/wp\/v2\/media\/1621"}],"wp:attachment":[{"href":"https:\/\/texaslogisticservices.com\/tr\/wp-json\/wp\/v2\/media?parent=1467"}],"curies":[{"name":"wp","href":"https:\/\/api.w.org\/{rel}","templated":true}]}}