{"id":357,"date":"2022-06-16T19:33:25","date_gmt":"2022-06-16T19:33:25","guid":{"rendered":"https:\/\/texaslogisticservices.com\/?page_id=357"},"modified":"2025-07-30T02:09:58","modified_gmt":"2025-07-30T02:09:58","slug":"3pl-fulfillment-old","status":"publish","type":"page","link":"https:\/\/texaslogisticservices.com\/es\/3pl-logistics-services\/3pl-fulfillment-old\/","title":{"rendered":"3PL Fulfillment old"},"content":{"rendered":"[vc_row full_width=&#8221;stretch_row&#8221; equal_height=&#8221;yes&#8221; el_class=&#8221;service-block-1&#8243; css=&#8221;.vc_custom_1668800594635{background-position: center !important;background-repeat: no-repeat !important;background-size: cover !important;}&#8221;][vc_column el_class=&#8221;service-block-col-1&#8243;][vc_raw_html]JTNDaDMlM0UlM0NzcGFuJTIwY2xhc3MlM0QlMjJmYXMlMjBmYS1kb2xseSUyMiUzRSUzQyUyRnNwYW4lM0UlMjAzUEwlMjAlM0NzcGFuJTIwY2xhc3MlM0QlMjJyZWQlMjIlM0VGdWxmaWxsbWVudCUzQyUyRnNwYW4lM0UlM0MlMkZoMyUzRQ==[\/vc_raw_html][vc_column_text]\n<h3 class=\"blue\">Cumplir los pedidos con pasi\u00f3n y determinaci\u00f3n<\/h3>\n<p><span style=\"font-weight: 400;\">Depositar su confianza en una empresa de ejecuci\u00f3n de pedidos fiable puede marcar la diferencia en el \u00e9xito de su negocio. Aqu\u00ed es donde entramos nosotros. Nos encargamos de todas las tareas de recogida, embalaje, env\u00edo y almacenamiento durante el proceso de tramitaci\u00f3n de su pedido. Nuestro equipo trabaja con su empresa para dise\u00f1ar un proceso de cumplimiento de pedidos personalizado que se adapte a las necesidades de su negocio.<\/span><\/p>\n<h3><span class=\"blue\">You Sell<\/span> &#8211; <span class=\"red\">We Fulfill<\/span><\/h3>\n<p><span style=\"font-weight: 400;\">Our company provides 3PL fulfillment services to help our customers fulfill their e-commerce orders directly to the end customer. You sell it; we fulfill it.<\/span><\/p>\n<p><span style=\"font-weight: 400;\">We are a leader in small- and medium-sized organizations. They continue to choose us as their trusted fulfillment partner due to our competitive pricing, extensive partnerships, continuous technology investments, shipping times, and customer satisfaction.<\/span><\/p>\n<p><span style=\"font-weight: 400;\">Ubicados en Sugar Land, Texas, somos tejanos trabajadores que servimos con orgullo a los Estados Unidos.<\/span>[\/vc_column_text][norebro_text]\n<h3 class=\"blue\" style=\"text-align: center;\">How Fulfillment Works<\/h3>\n[\/norebro_text][vc_row_inner equal_height=&#8221;yes&#8221; content_placement=&#8221;middle&#8221; el_class=&#8221;service-fulfilment-row&#8221;][vc_column_inner width=&#8221;1\/6&#8243;][vc_single_image image=&#8221;81&#8243; img_size=&#8221;full&#8221;][\/vc_column_inner][vc_column_inner width=&#8221;5\/6&#8243;][norebro_text]\n<h4>A\u00f1adir inventario<\/h4>\n<p><span style=\"font-weight: 400;\">Tras determinar qu\u00e9 es lo que mejor se adapta a las necesidades de su empresa, podemos ayudarle a organizar el env\u00edo de inventario a granel para su cumplimiento y almacenamiento. Normalmente utilizamos c\u00f3digos de barras como UPC, GCID, EAN e ISBN para distinguir los productos una vez recibido el inventario. Adem\u00e1s, etiquetaremos la ubicaci\u00f3n del producto en las instalaciones de almacenamiento para ayudar a encontrar y empaquetar el producto f\u00e1cilmente cuando sus clientes lo pidan.<\/span>[\/norebro_text][\/vc_column_inner][\/vc_row_inner][vc_row_inner equal_height=&#8221;yes&#8221; content_placement=&#8221;middle&#8221; el_class=&#8221;service-fulfilment-row&#8221;][vc_column_inner width=&#8221;5\/6&#8243;][norebro_text]\n<h4>\u00d3rdenes de encaminamiento<\/h4>\n<p><span style=\"font-weight: 400;\">Ofrecemos soluciones integradas personalizadas para obtener los mejores resultados entre nuestros sistemas y sus operaciones. Podemos integrarnos con las principales plataformas de comercio electr\u00f3nico para recibir inmediatamente informaci\u00f3n sobre los pedidos de sus clientes. Adem\u00e1s de los informes de un solo pedido, tambi\u00e9n podemos ofrecer la opci\u00f3n de cargar varios pedidos en formato CSV.<\/span>[\/norebro_text][\/vc_column_inner][vc_column_inner width=&#8221;1\/6&#8243;][vc_single_image image=&#8221;107&#8243; img_size=&#8221;full&#8221;][\/vc_column_inner][\/vc_row_inner][vc_row_inner equal_height=&#8221;yes&#8221; content_placement=&#8221;middle&#8221; el_class=&#8221;service-fulfilment-row&#8221;][vc_column_inner width=&#8221;1\/6&#8243;][vc_single_image image=&#8221;109&#8243; img_size=&#8221;full&#8221;][\/vc_column_inner][vc_column_inner width=&#8221;5\/6&#8243;][norebro_text]\n<h4>Recogida, embalaje y env\u00edo<\/h4>\n<p><span style=\"font-weight: 400;\">Con nuestros servicios profesionales de fulfillment, podemos ayudarle a recoger, embalar y enviar sus productos de forma eficiente. Una vez que la informaci\u00f3n del pedido llega a nuestro almac\u00e9n, localizamos y recogemos los art\u00edculos. Una vez recogidos los productos, los empaquetamos en cajas resistentes junto con material de embalaje, cinta adhesiva de seguridad y una etiqueta de env\u00edo. A continuaci\u00f3n, el paquete est\u00e1 listo para que lo recoja el proveedor de servicios de env\u00edo.<\/span>[\/norebro_text][\/vc_column_inner][\/vc_row_inner][vc_row_inner equal_height=&#8221;yes&#8221; content_placement=&#8221;middle&#8221; el_class=&#8221;service-fulfilment-row&#8221;][vc_column_inner width=&#8221;5\/6&#8243;][norebro_text]\n<h4>Gesti\u00f3n de existencias<\/h4>\n<p><span style=\"font-weight: 400;\">Take more control of your inventory with us! We provide a digital dashboard through which you can track and manage your inventory in real time, so you know what items need to be replenished at all times. This system is linked to our warehouse management software, so you&#8217;ll know as soon as a change happens.<\/span>[\/norebro_text][\/vc_column_inner][vc_column_inner width=&#8221;1\/6&#8243;][vc_single_image image=&#8221;97&#8243; img_size=&#8221;full&#8221;][\/vc_column_inner][\/vc_row_inner][norebro_text][\/norebro_text][vc_cta h2=&#8221;Looking For Fulfillment Solutions?&#8221; h4=&#8221;Contact Us Today.&#8221;][\/vc_cta]\n<div class=\"wpcf7 no-js\" id=\"wpcf7-f729-o1\" lang=\"en\" dir=\"ltr\" data-wpcf7-id=\"729\">\n<div class=\"screen-reader-response\"><p role=\"status\" aria-live=\"polite\" aria-atomic=\"true\"><\/p> <ul><\/ul><\/div>\n<form action=\"\/es\/wp-json\/wp\/v2\/pages\/357#wpcf7-f729-o1\" method=\"post\" class=\"wpcf7-form init\" aria-label=\"Formulario de contacto\" novalidate=\"novalidate\" data-status=\"init\" data-trp-original-action=\"\/es\/wp-json\/wp\/v2\/pages\/357#wpcf7-f729-o1\">\n<fieldset class=\"hidden-fields-container\"><input type=\"hidden\" name=\"_wpcf7\" value=\"729\" \/><input type=\"hidden\" name=\"_wpcf7_version\" value=\"6.1.3\" \/><input type=\"hidden\" name=\"_wpcf7_locale\" value=\"en\" \/><input type=\"hidden\" name=\"_wpcf7_unit_tag\" value=\"wpcf7-f729-o1\" \/><input type=\"hidden\" name=\"_wpcf7_container_post\" value=\"0\" \/><input type=\"hidden\" name=\"_wpcf7_posted_data_hash\" value=\"\" \/>\n<\/fieldset>\n<div class=\"vc_row\">\n\t<div class=\"wpb_column vc_col-sm-6\">\n\t\t<p><span class=\"wpcf7-form-control-wrap\" data-name=\"your-name\"><input size=\"40\" maxlength=\"400\" class=\"wpcf7-form-control wpcf7-text wpcf7-validates-as-required\" aria-required=\"true\" aria-invalid=\"false\" placeholder=\"Nombre y apellidos\" value=\"\" type=\"text\" name=\"your-name\" \/><\/span>\n\t\t<\/p>\n\t<\/div>\n\t<div class=\"wpb_column vc_col-sm-6\">\n\t\t<p><span class=\"wpcf7-form-control-wrap\" data-name=\"your-email\"><input size=\"40\" maxlength=\"400\" class=\"wpcf7-form-control wpcf7-email wpcf7-validates-as-required wpcf7-text wpcf7-validates-as-email\" aria-required=\"true\" aria-invalid=\"false\" placeholder=\"E-Mail\" value=\"\" type=\"email\" name=\"your-email\" \/><\/span>\n\t\t<\/p>\n\t<\/div>\n\t<div class=\"wpb_column vc_col-sm-12\">\n\t\t<p><span class=\"wpcf7-form-control-wrap\" data-name=\"current-business-located\"><input size=\"40\" maxlength=\"400\" class=\"wpcf7-form-control wpcf7-text wpcf7-validates-as-required\" aria-required=\"true\" aria-invalid=\"false\" placeholder=\"\u00bfD\u00f3nde se almacena actualmente su empresa?\" value=\"\" type=\"text\" name=\"current-business-located\" \/><\/span>\n\t\t<\/p>\n\t<\/div>\n\t<div class=\"wpb_column vc_col-sm-12\">\n\t\t<p><span class=\"wpcf7-form-control-wrap\" data-name=\"business-size\"><input size=\"40\" maxlength=\"400\" class=\"wpcf7-form-control wpcf7-text wpcf7-validates-as-required\" aria-required=\"true\" aria-invalid=\"false\" placeholder=\"\u00bfCu\u00e1l es el tama\u00f1o de su empresa?\" value=\"\" type=\"text\" name=\"business-size\" \/><\/span>\n\t\t<\/p>\n\t<\/div>\n\t<div class=\"wpb_column vc_col-sm-12\">\n\t\t<p><span class=\"wpcf7-form-control-wrap\" data-name=\"type-of-products-storing\"><input size=\"40\" maxlength=\"400\" class=\"wpcf7-form-control wpcf7-text wpcf7-validates-as-required\" aria-required=\"true\" aria-invalid=\"false\" placeholder=\"\u00bfQu\u00e9 tipo de productos almacena?\" value=\"\" type=\"text\" name=\"type-of-products-storing\" \/><\/span>\n\t\t<\/p>\n\t<\/div>\n\t<div class=\"wpb_column vc_col-sm-12\">\n\t\t<p><span class=\"wpcf7-form-control-wrap\" data-name=\"average-monthly-volume\"><input size=\"40\" maxlength=\"400\" class=\"wpcf7-form-control wpcf7-text wpcf7-validates-as-required\" aria-required=\"true\" aria-invalid=\"false\" placeholder=\"\u00bfCu\u00e1l es su volumen medio mensual?\" value=\"\" type=\"text\" name=\"average-monthly-volume\" \/><\/span>\n\t\t<\/p>\n\t<\/div>\n\t<div class=\"wpb_column vc_col-sm-12\">\n\t\t<p><span class=\"wpcf7-form-control-wrap\" data-name=\"space-size-needed\"><input size=\"40\" maxlength=\"400\" class=\"wpcf7-form-control wpcf7-text wpcf7-validates-as-required\" aria-required=\"true\" aria-invalid=\"false\" placeholder=\"\u00bfCu\u00e1nto espacio cree que necesitar\u00e1?\" value=\"\" type=\"text\" name=\"space-size-needed\" \/><\/span>\n\t\t<\/p>\n\t<\/div>\n\t<div class=\"wpb_column vc_col-sm-12\">\n\t\t<p><span class=\"wpcf7-form-control-wrap\" data-name=\"office-space-or-onsite-staff\"><input size=\"40\" maxlength=\"400\" class=\"wpcf7-form-control wpcf7-text wpcf7-validates-as-required\" aria-required=\"true\" aria-invalid=\"false\" placeholder=\"\u00bfNecesita oficinas o personal in situ?\" value=\"\" type=\"text\" name=\"office-space-or-onsite-staff\" \/><\/span>\n\t\t<\/p>\n\t<\/div>\n\t<div class=\"wpb_column vc_col-sm-12\">\n\t\t<p class=\"btn-form\"><input class=\"wpcf7-form-control wpcf7-submit has-spinner\" type=\"submit\" value=\"Submit\" \/>\n\t\t<\/p>\n\t<\/div>\n<\/div><div class=\"wpcf7-response-output\" aria-hidden=\"true\"><\/div>\n<input type=\"hidden\" name=\"trp-form-language\" value=\"es\"\/><\/form>\n<\/div>\n[\/vc_column][\/vc_row][vc_row full_width=&#8221;stretch_row&#8221; equal_height=&#8221;yes&#8221; el_class=&#8221;service-block-1&#8243; css=&#8221;.vc_custom_1668800594635{background-position: center !important;background-repeat: no-repeat !important;background-size: cover !important;}&#8221;][vc_column el_class=&#8221;service-block-col-1&#8243;][norebro_text]\n<h1><span style=\"font-weight: 400;\">Cumplimiento 3PL<\/span><\/h1>\n<p><span style=\"font-weight: 400;\">Fulfilling orders can be time-consuming, particularly if you&#8217;re selling products that need to be assembled or personalized before they&#8217;re shipped out. Using a 3PL can take much of the fulfillment burden off your shoulders so that you can focus on other aspects of your business.<\/span><\/p>\n<p><span style=\"font-weight: 400;\"><img fetchpriority=\"high\" decoding=\"async\" class=\"aligncenter wp-image-647 size-full\" src=\"https:\/\/texaslogisticservices.com\/wp-content\/uploads\/2022\/07\/3-2.png\" alt=\"3PL Fulfillment Services\" width=\"600\" height=\"400\" srcset=\"https:\/\/texaslogisticservices.com\/wp-content\/uploads\/2022\/07\/3-2.png 600w, https:\/\/texaslogisticservices.com\/wp-content\/uploads\/2022\/07\/3-2-300x200.png 300w\" sizes=\"(max-width: 600px) 100vw, 600px\" \/><\/span><\/p>\n<p><span style=\"font-weight: 400;\">Texas Logistic Services es un proveedor 3PL que ofrece servicios integrales de cumplimiento a las empresas en diversas industrias. Contamos con un almac\u00e9n de \u00faltima generaci\u00f3n que es espacioso y bien equipado para manejar todas sus necesidades de inventario. Nuestro equipo de profesionales capacitados puede recoger y empacar pedidos de forma r\u00e1pida y eficiente, y nuestro departamento de env\u00edos tiene experiencia en el manejo de diversos desaf\u00edos log\u00edsticos.<\/span><\/p>\n<h2><span style=\"font-weight: 400;\">Nuestros servicios<\/span><\/h2>\n<p><span style=\"font-weight: 400;\">Los servicios de cumplimiento 3PL son servicios log\u00edsticos subcontratados que incluyen la gesti\u00f3n y el almacenamiento de inventario, la preparaci\u00f3n y el embalaje de pedidos y el env\u00edo de productos a los clientes en nombre de su empresa. Empresas de todos los tama\u00f1os pueden utilizar estos servicios, pero las empresas de comercio electr\u00f3nico o las empresas con necesidades log\u00edsticas complejas pueden beneficiarse especialmente del uso de nuestros servicios.<\/span><\/p>\n<h2><span style=\"font-weight: 400;\">Cumplimiento 3PL para empresas de comercio electr\u00f3nico<\/span><\/h2>\n<p><span style=\"font-weight: 400;\">We understand how important it is for eCommerce businesses to get orders out quickly and accurately. That&#8217;s why we offer a range of 3PL fulfillment services designed to meet the unique needs of eCommerce businesses, such as:<\/span><\/p>\n<ul>\n<li style=\"font-weight: 400;\" aria-level=\"1\"><span style=\"font-weight: 400;\">Recoger y embalar<\/span><\/li>\n<li style=\"font-weight: 400;\" aria-level=\"1\"><span style=\"font-weight: 400;\">Gesti\u00f3n de existencias<\/span><\/li>\n<li style=\"font-weight: 400;\" aria-level=\"1\"><span style=\"font-weight: 400;\">Env\u00edo<\/span><\/li>\n<li style=\"font-weight: 400;\" aria-level=\"1\"><span style=\"font-weight: 400;\">Almacenamiento<\/span><\/li>\n<li style=\"font-weight: 400;\" aria-level=\"1\"><span style=\"font-weight: 400;\">Etiquetado<\/span><\/li>\n<li style=\"font-weight: 400;\" aria-level=\"1\"><span style=\"font-weight: 400;\">Kitting<\/span><\/li>\n<li style=\"font-weight: 400;\" aria-level=\"1\"><span style=\"font-weight: 400;\">Gesti\u00f3n de la carga<\/span><\/li>\n<li style=\"font-weight: 400;\" aria-level=\"1\"><span style=\"font-weight: 400;\">Gesti\u00f3n de devoluciones<\/span><\/li>\n<\/ul>\n<h2><span style=\"font-weight: 400;\">Ventajas de trabajar con Texas Logistic Services<\/span><\/h2>\n<p><span style=\"font-weight: 400;\">Hay muchos beneficios de externalizar sus necesidades de cumplimiento a Texas Logistic Services. En primer lugar, podemos ahorrarle tiempo y dinero mediante la gesti\u00f3n de su inventario y el env\u00edo de productos directamente a sus clientes. Cuando se utiliza un 3PL, usted puede tomar ventaja de sus econom\u00edas de escala y obtener tarifas de env\u00edo m\u00e1s bajas de lo que ser\u00eda capaz de conseguir por su cuenta.<\/span><\/p>\n<p><span style=\"font-weight: 400;\">Some of the other benefits of using 3PL fulfillment services include:<\/span><\/p>\n<ul>\n<li style=\"font-weight: 400;\" aria-level=\"1\"><b>Reduced costs:<\/b><span style=\"font-weight: 400;\"> Al subcontratarnos la gesti\u00f3n de sus pedidos, puede ahorrar en los costes asociados al mantenimiento de sus propias operaciones de gesti\u00f3n de pedidos, como espacio de almac\u00e9n, mano de obra y equipos.<\/span><\/li>\n<li style=\"font-weight: 400;\" aria-level=\"1\"><b>Flexibility:<\/b><span style=\"font-weight: 400;\"> Texas Logistic Services ofrece un alto grado de flexibilidad con respecto a los tipos de servicios que ofrecemos y nuestra capacidad para ampliar o reducir para satisfacer sus necesidades cambiantes.<\/span><\/li>\n<li style=\"font-weight: 400;\" aria-level=\"1\"><b>Improved efficiencies:<\/b><span style=\"font-weight: 400;\"> Somos expertos en la log\u00edstica del cumplimiento y a menudo podemos ofrecer soluciones m\u00e1s eficaces y rentables que las que las empresas pueden lograr por s\u00ed solas.<\/span><\/li>\n<li style=\"font-weight: 400;\" aria-level=\"1\"><b>Greater focus:<\/b><span style=\"font-weight: 400;\"> Al externalizar sus operaciones de cumplimiento, puede liberar tiempo y recursos para centrarse en otros aspectos de su negocio.<\/span><\/li>\n<\/ul>\n<p><span style=\"font-weight: 400;\">Texas Logistic Services is a 3PL provider that specializes in fulfillment services. We can help you with all aspects of your fulfillment operation, from warehousing and storage to shipping and logistics. We are a scalable and flexible 3PL provider that can meet the changing needs of your business. Contact us today at <a href=\"tel:346-766-2151\">346-766-2151<\/a> to learn more about our 3PL fulfillment services!<\/span><\/p>\n<h2><span style=\"font-weight: 400;\"><img decoding=\"async\" class=\"aligncenter wp-image-645 size-full\" src=\"https:\/\/texaslogisticservices.com\/wp-content\/uploads\/2022\/07\/1-1.png\" alt=\"3PL Fulfillment Services\" width=\"600\" height=\"400\" srcset=\"https:\/\/texaslogisticservices.com\/wp-content\/uploads\/2022\/07\/1-1.png 600w, https:\/\/texaslogisticservices.com\/wp-content\/uploads\/2022\/07\/1-1-300x200.png 300w\" sizes=\"(max-width: 600px) 100vw, 600px\" \/><\/span><\/h2>\n<h2><span style=\"font-weight: 400;\">\u00bfC\u00f3mo podemos ayudarle?<\/span><\/h2>\n<p><span style=\"font-weight: 400;\">Texas Logistic Services is a great option if you&#8217;re looking for a 3PL to help with your fulfillment needs. We have a vast network of providers across the country, allowing us to fulfill orders quickly and efficiently. Our team of experts can help you with order management, inventory management, and shipping logistics, so you can be confident that we will handle your orders properly from start to finish.<\/span><\/p>\n<h2><span style=\"font-weight: 400;\">Destaque frente a la competencia<\/span><\/h2>\n<p><span style=\"font-weight: 400;\">Como proveedor de log\u00edstica de terceros (3PL), Texas Logistic Services ofrece varias ventajas y servicios que otros proveedores no pueden ofrecer. Estas son algunas de las formas en las que destacamos:<\/span><\/p>\n<ul>\n<li style=\"font-weight: 400;\" aria-level=\"1\"><span style=\"font-weight: 400;\">Ofrecemos precios competitivos en nuestros servicios de cumplimiento.<\/span><\/li>\n<li style=\"font-weight: 400;\" aria-level=\"1\"><span style=\"font-weight: 400;\">Disponemos de un sistema seguro de entrada \u00fanica para nuestros clientes.<\/span><\/li>\n<li style=\"font-weight: 400;\" aria-level=\"1\"><span style=\"font-weight: 400;\">Proporcionamos seguimiento e informes en tiempo real de todos los pedidos.<\/span><\/li>\n<li style=\"font-weight: 400;\" aria-level=\"1\"><span style=\"font-weight: 400;\">Contamos con un equipo de expertos que pueden ayudarle con la gesti\u00f3n de pedidos, la gesti\u00f3n de inventarios y la log\u00edstica de env\u00edos.<\/span><\/li>\n<li style=\"font-weight: 400;\" aria-level=\"1\"><span style=\"font-weight: 400;\">Ofrecemos varios servicios de cumplimiento, como cumplimiento de pedidos, almacenamiento y distribuci\u00f3n.<\/span><\/li>\n<\/ul>\n<p><span style=\"font-weight: 400;\">Contact Texas Logistics today if you&#8217;re looking for a 3PL provider that can offer you high-quality fulfillment services at a competitive price. We&#8217;ll be happy to discuss your needs and provide you with a custom quote.<\/span><\/p>\n<h2><span style=\"font-weight: 400;\">\u00bfPor qu\u00e9 Texas Logistic Services?<\/span><\/h2>\n<p><span style=\"font-weight: 400;\">There are many reasons to partner with a 3PL like Texas Logistic Services. We have the robust experience and technology to help you grow your business quickly. As we expand our operations, we&#8217;re committed to providing our clients with the best possible service.<\/span><\/p>\n<p><span style=\"font-weight: 400;\">When you partner with us, you&#8217;ll get:<\/span><\/p>\n<ul>\n<li style=\"font-weight: 400;\" aria-level=\"1\"><span style=\"font-weight: 400;\">Un gestor de cuentas dedicado que conocer\u00e1 su negocio y sus necesidades<\/span><\/li>\n<li style=\"font-weight: 400;\" aria-level=\"1\"><span style=\"font-weight: 400;\">Un equipo de expertos en log\u00edstica que recoger\u00e1, embalar\u00e1 y enviar\u00e1 sus productos con rapidez y precisi\u00f3n.<\/span><\/li>\n<li style=\"font-weight: 400;\" aria-level=\"1\"><span style=\"font-weight: 400;\">Herramientas avanzadas de seguimiento e informes que le ayudar\u00e1n a controlar su inventario y sus pedidos<\/span><\/li>\n<li style=\"font-weight: 400;\" aria-level=\"1\"><span style=\"font-weight: 400;\">Compromiso con un excelente servicio al cliente<\/span><\/li>\n<\/ul>\n<p><span style=\"font-weight: 400;\">If you&#8217;re looking for a partner who can help you take your business to the next level, contact us today at <a href=\"tel:346-766-2151\">346-766-2151<\/a><\/span><span style=\"font-weight: 400;\">. We&#8217;ll be happy to discuss your needs and provide you with a custom quote.<\/span><\/p>\n<h2><span style=\"font-weight: 400;\">\u00bfNecesita ayuda con la preparaci\u00f3n de la FBA?<\/span><\/h2>\n<p><span style=\"font-weight: 400;\">If you&#8217;re selling on Amazon, you know there&#8217;s a lot to keep track of &#8211; from product listing and inventory management to prepare your products for shipment to Amazon&#8217;s warehouses. Texas Logistic Services can help take some of the stress out of the process with our FBA prep and packaging services.<\/span><\/p>\n<p><span style=\"font-weight: 400;\">Nuestro equipo de expertos lo har\u00e1:<\/span><\/p>\n<ul>\n<li style=\"font-weight: 400;\" aria-level=\"1\"><span style=\"font-weight: 400;\">Inspect your products to ensure they meet Amazon&#8217;s guidelines<\/span><\/li>\n<li style=\"font-weight: 400;\" aria-level=\"1\"><span style=\"font-weight: 400;\">Eliminar cualquier marca o etiquetado que pueda dar lugar a la exclusi\u00f3n de la lista<\/span><\/li>\n<li style=\"font-weight: 400;\" aria-level=\"1\"><span style=\"font-weight: 400;\">Empaquete sus productos de forma segura para el env\u00edo<\/span><\/li>\n<li style=\"font-weight: 400;\" aria-level=\"1\"><span style=\"font-weight: 400;\">Aplicar c\u00f3digos de barras y etiquetas seg\u00fan sea necesario<\/span><\/li>\n<li style=\"font-weight: 400;\" aria-level=\"1\"><span style=\"font-weight: 400;\">Proporcionar informes detallados e informaci\u00f3n de seguimiento<\/span><\/li>\n<\/ul>\n<p><span style=\"font-weight: 400;\">Con nuestra ayuda, podr\u00e1 centrarse en hacer crecer su negocio mientras nosotros nos ocupamos de los detalles. Para obtener m\u00e1s informaci\u00f3n sobre nuestros servicios de preparaci\u00f3n de FBA, p\u00f3ngase en contacto con nosotros hoy mismo.<\/span><\/p>\n<h2><span style=\"font-weight: 400;\">Sus socios de cumplimiento<\/span><\/h2>\n<p><span style=\"font-weight: 400;\">Are you looking for a third-party logistics (3PL) company to help you with your order fulfillment? If so, then you&#8217;ve come to the right place.<\/span><\/p>\n<p><span style=\"font-weight: 400;\">At Texas Logistic Services, we offer a wide range of services perfect for businesses that want to take advantage of efficient and streamlined order fulfillment. We have a team of experts dedicated to helping your business succeed. <\/span><span style=\"font-weight: 400;\">Ll\u00e1menos hoy mismo al <a href=\"tel:346-766-2151\">346-766-2151<\/a><\/span><span style=\"font-weight: 400;\"> y vea c\u00f3mo podemos ayudarle a crecer.<\/span>[\/norebro_text][\/vc_column][\/vc_row][vc_row full_width=&#8221;stretch_row&#8221; equal_height=&#8221;yes&#8221; content_placement=&#8221;middle&#8221; css=&#8221;.vc_custom_1655310312315{padding-top: 30px !important;padding-bottom: 30px !important;background-color: #ce0e2d !important;}&#8221; el_class=&#8221;home-cta-row&#8221;][vc_column width=&#8221;1\/2&#8243;][norebro_text text_color=&#8221;#ffffff&#8221;]\n<h4>Minimize Time Between Your Wholesalers, Retailers, and Direct Customers<\/h4>\n<p>Call us today to get started![\/norebro_text][\/vc_column][vc_column width=&#8221;1\/2&#8243; el_class=&#8221;cta-btn-col&#8221;][norebro_text]<a class=\"phone-num\" href=\"tel:346-766-2151\"> 346-766-2151<\/a> Or <a class=\"btn-cta\" href=\"\/es\/contact\/\"> Schedule Now<\/a>[\/norebro_text][\/vc_column][\/vc_row]","protected":false},"excerpt":{"rendered":"<p>[vc_row full_width=&#8221;stretch_row&#8221; equal_height=&#8221;yes&#8221; el_class=&#8221;service-block-1&#8243; css=&#8221;.vc_custom_1668800594635{background-position: center !important;background-repeat: no-repeat !important;background-size: cover !important;}&#8221;][vc_column el_class=&#8221;service-block-col-1&#8243;][vc_raw_html]JTNDaDMlM0UlM0NzcGFuJTIwY2xhc3MlM0QlMjJmYXMlMjBmYS1kb2xseSUyMiUzRSUzQyUyRnNwYW4lM0UlMjAzUEwlMjAlM0NzcGFuJTIwY2xhc3MlM0QlMjJyZWQlMjIlM0VGdWxmaWxsbWVudCUzQyUyRnNwYW4lM0UlM0MlMkZoMyUzRQ==[\/vc_raw_html][vc_column_text] Fulfilling Orders&#8230;<\/p>","protected":false},"author":13,"featured_media":0,"parent":3180,"menu_order":0,"comment_status":"closed","ping_status":"closed","template":"","meta":{"_joinchat":[],"footnotes":""},"class_list":["post-357","page","type-page","status-publish","hentry"],"acf":[],"aioseo_notices":[],"_links":{"self":[{"href":"https:\/\/texaslogisticservices.com\/es\/wp-json\/wp\/v2\/pages\/357","targetHints":{"allow":["GET"]}}],"collection":[{"href":"https:\/\/texaslogisticservices.com\/es\/wp-json\/wp\/v2\/pages"}],"about":[{"href":"https:\/\/texaslogisticservices.com\/es\/wp-json\/wp\/v2\/types\/page"}],"author":[{"embeddable":true,"href":"https:\/\/texaslogisticservices.com\/es\/wp-json\/wp\/v2\/users\/13"}],"replies":[{"embeddable":true,"href":"https:\/\/texaslogisticservices.com\/es\/wp-json\/wp\/v2\/comments?post=357"}],"version-history":[{"count":0,"href":"https:\/\/texaslogisticservices.com\/es\/wp-json\/wp\/v2\/pages\/357\/revisions"}],"up":[{"embeddable":true,"href":"https:\/\/texaslogisticservices.com\/es\/wp-json\/wp\/v2\/pages\/3180"}],"wp:attachment":[{"href":"https:\/\/texaslogisticservices.com\/es\/wp-json\/wp\/v2\/media?parent=357"}],"curies":[{"name":"wp","href":"https:\/\/api.w.org\/{rel}","templated":true}]}}