{"id":356,"date":"2022-06-16T19:33:22","date_gmt":"2022-06-16T19:33:22","guid":{"rendered":"https:\/\/texaslogisticservices.com\/?page_id=356"},"modified":"2025-06-09T10:12:42","modified_gmt":"2025-06-09T10:12:42","slug":"3pl-warehousing-old","status":"publish","type":"page","link":"https:\/\/texaslogisticservices.com\/es\/3pl-logistics-services-2\/3pl-warehousing-old\/","title":{"rendered":"3PL Warehousing old"},"content":{"rendered":"[vc_row full_width=&#8221;stretch_row&#8221; equal_height=&#8221;yes&#8221; el_class=&#8221;service-block-1&#8243; css=&#8221;.vc_custom_1668801266038{background-position: center !important;background-repeat: no-repeat !important;background-size: cover !important;}&#8221;][vc_column el_class=&#8221;service-block-col-1&#8243;][vc_raw_html]JTNDaDMlM0UlM0NzcGFuJTIwY2xhc3MlM0QlMjJmYXMlMjBmYS1wZW9wbGUtY2FycnklMjIlM0UlM0MlMkZzcGFuJTNFJTIwM1BMJTIwJTNDc3BhbiUyMGNsYXNzJTNEJTIycmVkJTIyJTNFV2FyZWhvdXNpbmclM0MlMkZzcGFuJTNFJTNDJTJGaDMlM0U=[\/vc_raw_html][norebro_text]<span style=\"font-weight: 400;\">La mayor\u00eda de las empresas han tenido experiencias negativas con el env\u00edo y la entrega: retrasos en el inventario, productos extraviados, mermas o falta de visibilidad. Texas Logistic Services puede ayudarle a evitar esos problemas. Tomamos precauciones adicionales para garantizar que ninguna mercanc\u00eda se da\u00f1e o se pierda mientras se utiliza nuestro servicio de almacenamiento 3PL.<\/span><\/p>\n<p><span style=\"font-weight: 400;\">Texas Logistic Services offers state-of-the-art <\/span><a href=\"https:\/\/texaslogisticservices.com\/es\/3pl-logistics-services\/3pl-warehousing\/\"><span style=\"font-weight: 400;\">3PL warehousing services<\/span><\/a><span style=\"font-weight: 400;\"> to help you develop a storage and distribution solution that fits your needs. Our modern facility features include secure storage, inventory management, and order fulfillment. <\/span><a href=\"https:\/\/texaslogisticservices.com\/es\/contact-us\/\"><span style=\"font-weight: 400;\">P\u00f3ngase en contacto con nosotros<\/span><\/a><span style=\"font-weight: 400;\"> hoy en <\/span><a href=\"tel:346-766-2151\"><span style=\"font-weight: 400;\">346-766-2151<\/span><\/a><span style=\"font-weight: 400;\"> para obtener m\u00e1s informaci\u00f3n sobre nuestros servicios de almacenamiento 3PL.<\/span>[\/norebro_text][vc_empty_space height=&#8221;20px&#8221;][vc_separator color=&#8221;custom&#8221; accent_color=&#8221;rgba(0,0,0,0.1)&#8221;][vc_empty_space][vc_row_inner equal_height=&#8221;yes&#8221; content_placement=&#8221;middle&#8221; css=&#8221;.vc_custom_1655395941692{padding-top: 2rem !important;}&#8221;][vc_column_inner width=&#8221;1\/2&#8243;][vc_single_image image=&#8221;51&#8243; img_size=&#8221;full&#8221;][\/vc_column_inner][vc_column_inner el_class=&#8221;custom-code-block&#8221; width=&#8221;1\/2&#8243;][vc_raw_html]JTNDZGl2JTIwY2xhc3MlM0QlMjJ2Y19yb3clMjBwYXJlbnQtZ3JpZCUyMiUzRSUwQSUzQ2RpdiUyMGNsYXNzJTNEJTIyd3BiX2NvbHVtbiUyMHZjX2NvbC1zbS02JTIyJTNFJTBBJTNDc3BhbiUyMGNsYXNzJTNEJTIyaWNvbiUyMGZhcyUyMGZhLWxhcHRvcCUyMiUzRSUzQyUyRnNwYW4lM0UlMEElM0NoNCUzRSUzQ2ElMjBocmVmJTNEJTIyJTIzJTIyJTNFV2FyZWhvdXNlJTIwTWFuYWdlbWVudCUyMFNvZnR3YXJlJTNDJTJGYSUzRSUzQyUyRmg0JTNFJTBBJTNDcCUzRU91ciUyMHJlYWwtdGltZSUyMHdhcmVob3VzZSUyMHN0b2NrJTIwbWFuYWdlbWVudCUyMHN5c3RlbXMlMjBvdmVyc2VlJTIwZXZlcnl0aGluZyUyMHdpdGhpbiUyMHRoZSUyMHdhcmVob3VzZSUyMGFuZCUyMHByb3ZpZGUlMjBvcHRpbWFsJTIwb3BlcmF0b3IlMjByb3V0ZXMuJTNDJTJGcCUzRSUwQSUzQyUyRmRpdiUzRSUwQSUzQ2RpdiUyMGNsYXNzJTNEJTIyd3BiX2NvbHVtbiUyMHZjX2NvbC1zbS02JTIyJTNFJTBBJTNDc3BhbiUyMGNsYXNzJTNEJTIyaWNvbiUyMGZhcyUyMGZhLWNsb2NrJTIyJTNFJTNDJTJGc3BhbiUzRSUwQSUzQ2g0JTNFJTNDYSUyMGhyZWYlM0QlMjIlMjMlMjIlM0UxLTIlMjBEYXklMjBEb2NrLXRvLVN0b2NrJTNDJTJGYSUzRSUzQyUyRmg0JTNFJTBBJTNDcCUzRU91ciUyMHdhcmVob3VzZSUyMHdpbGwlMjBhY2N1cmF0ZWx5JTIwcHJvY2VzcyUyMGV2ZXJ5JTIwc2luZ2xlJTIwaXRlbSUyMG9mJTIweW91ciUyMGludmVudG9yeSUyMHdpdGhpbiUyMDEtMiUyMGRheXMlMjBhZnRlciUyMGl0JTIwYXJyaXZlcyUyQyUyMGVuc3VyaW5nJTIwdGhlJTIwaGlnaGVzdCUyMGxldmVsJTIwb2YlMjB3YXJlaG91c2UlMjBlZmZpY2llbmN5LiUzQyUyRnAlM0UlMEElM0MlMkZkaXYlM0UlMEElM0NkaXYlMjBjbGFzcyUzRCUyMndwYl9jb2x1bW4lMjB2Y19jb2wtc20tNiUyMiUyMHN0eWxlJTNEJTIyZmxvYXQlM0ElMjByaWdodCUzQiUyMiUzRSUwQSUzQ3NwYW4lMjBjbGFzcyUzRCUyMmljb24lMjBmYXMlMjBmYS1kb2xseSUyMiUzRSUzQyUyRnNwYW4lM0UlMEElM0NoNCUzRSUzQ2ElMjBocmVmJTNEJTIyJTIzJTIyJTNFS2l0dGluZyUyMGFuZCUyMEluc2VydHMlM0MlMkZhJTNFJTNDJTJGaDQlM0UlMEElM0NwJTNFQXMlMjB5b3VyJTIwM1BMJTIwV2FyZWhvdXNlJTJDJTIwd2UlMjBvZmZlciUyMHNlcnZpY2VzJTIwc3VjaCUyMGFzJTIwa2l0dGluZyUyQyUyMGxpZ2h0JTIwYXNzZW1ibHklMkMlMjBtYXJrZXRpbmclMjBpbnNlcnRzJTJDJTIwYW5kJTIwbW9yZSUyMHNvJTIwdGhhdCUyMHlvdSUyMGNhbiUyMGdldCUyMHRoZSUyMG1vc3QlMjBvdXQlMjBvZiUyMG91ciUyMHBhcnRuZXJzaGlwLiUzQyUyRnAlM0UlMEElM0MlMkZkaXYlM0UlMEElM0NkaXYlMjBjbGFzcyUzRCUyMndwYl9jb2x1bW4lMjB2Y19jb2wtc20tNiUyMiUyMCUzRSUwQSUzQ3NwYW4lMjBjbGFzcyUzRCUyMmljb24lMjBmYXMlMjBmYS1wZXJjZW50JTIyJTNFJTNDJTJGc3BhbiUzRSUwQSUzQ2g0JTNFJTNDYSUyMGhyZWYlM0QlMjIlMjMlMjIlM0VaZXJvJTIwU2hyaW5rYWdlJTIwQWxsb3dhbmNlJTNDJTJGYSUzRSUzQyUyRmg0JTNFJTBBJTNDcCUzRUF0JTIwb3VyJTIwVGV4YXMlMjBMb2dpc3RpYyUyMFNlcnZpY2VzJTIwd2FyZWhvdXNlJTJDJTIwd2UlMjBvcGVyYXRlJTIwd2l0aCUyMGElMjAwJTI1JTIwc2hyaW5rYWdlJTIwYWxsb3dhbmNlLiUyMFdlJTIwZG9uJUUyJTgwJTk5dCUyMGJlbGlldmUlMjB5b3UlMjBzaG91bGQlMjBzdWZmZXIlMjBhJTIwbG9zcyUyMGZyb20lMjBkYW1hZ2VkJTIwb3IlMjBsb3N0JTIwaW52ZW50b3J5LiUzQyUyRnAlM0UlMEElM0MlMkZkaXYlM0UlMEElM0MlMkZkaXYlM0U=[\/vc_raw_html][\/vc_column_inner][\/vc_row_inner][\/vc_column][\/vc_row][vc_row full_width=&#8221;stretch_row&#8221; equal_height=&#8221;yes&#8221; el_class=&#8221;service-block-1&#8243; css=&#8221;.vc_custom_1668801266038{background-position: center !important;background-repeat: no-repeat !important;background-size: cover !important;}&#8221;][vc_column width=&#8221;1\/2&#8243; el_class=&#8221;service-block-col-1&#8243;][norebro_text]\n<h2><b>La seguridad de sus productos es primordial.<\/b><\/h2>\n<p><span style=\"font-weight: 400;\">La seguridad de sus productos es nuestra m\u00e1xima prioridad aqu\u00ed en Texas Logistics. Nuestro almac\u00e9n 3PL est\u00e1 equipado con c\u00e1maras de seguridad 24\/7 y un sistema de seguridad de \u00faltima generaci\u00f3n. Tambi\u00e9n contamos con un equipo de profesionales experimentados dedicados a mantener sus productos seguros.<\/span><\/p>\n<p><span style=\"font-weight: 400;\">Adem\u00e1s de estas medidas de seguridad, nuestro almac\u00e9n 3PL cuenta con un sistema de entrada de un solo punto. Este sistema nos permite hacer un seguimiento de sus productos a medida que entran, se desplazan y salen del almac\u00e9n. Tambi\u00e9n podemos proporcionarle un informe detallado de los movimientos y la ubicaci\u00f3n exacta de sus productos.<\/span><\/p>\n<p><span style=\"font-weight: 400;\">Y en el mundo empresarial actual, el tiempo es oro. No puede permitirse que sus productos se da\u00f1en o se pierdan debido a condiciones meteorol\u00f3gicas extremas. Por eso nuestro almac\u00e9n 3PL dispone de almacenamiento con control clim\u00e1tico. Podemos almacenar sus productos en un entorno de temperatura controlada para garantizar que se mantengan en perfectas condiciones. Tenemos la soluci\u00f3n para usted, tanto si necesita almacenar productos electr\u00f3nicos delicados como productos alimentarios sensibles a la temperatura.<\/span><\/p>\n<p><i><span style=\"font-weight: 400;\">Pero, \u00bfy si pasa algo?<\/span><\/i><\/p>\n<p><span style=\"font-weight: 400;\">Aqu\u00ed en Texas Logistic Services, no creemos que usted deba sufrir una p\u00e9rdida por inventario da\u00f1ado o perdido. Los eventos desafortunados ocurren, pero con nuestro sistema de gesti\u00f3n de inventario de \u00faltima generaci\u00f3n, puede estar seguro de que nunca tendr\u00e1 que pagar por da\u00f1os que no fueron su culpa. Por ello, trabajamos con una tolerancia de merma de 0% para garantizar la plena satisfacci\u00f3n del cliente.<\/span>[\/norebro_text][\/vc_column][vc_column width=&#8221;1\/2&#8243;][vc_cta h2=&#8221;Do You Need Logistics Warehousing Solutions?&#8221; h4=&#8221;Contact Us Today.&#8221;][\/vc_cta]\n<div class=\"wpcf7 no-js\" id=\"wpcf7-f729-o1\" lang=\"en\" dir=\"ltr\" data-wpcf7-id=\"729\">\n<div class=\"screen-reader-response\"><p role=\"status\" aria-live=\"polite\" aria-atomic=\"true\"><\/p> <ul><\/ul><\/div>\n<form action=\"\/es\/wp-json\/wp\/v2\/pages\/356#wpcf7-f729-o1\" method=\"post\" class=\"wpcf7-form init\" aria-label=\"Formulario de contacto\" novalidate=\"novalidate\" data-status=\"init\" data-trp-original-action=\"\/es\/wp-json\/wp\/v2\/pages\/356#wpcf7-f729-o1\">\n<fieldset class=\"hidden-fields-container\"><input type=\"hidden\" name=\"_wpcf7\" value=\"729\" \/><input type=\"hidden\" name=\"_wpcf7_version\" value=\"6.1.3\" \/><input type=\"hidden\" name=\"_wpcf7_locale\" value=\"en\" \/><input type=\"hidden\" name=\"_wpcf7_unit_tag\" value=\"wpcf7-f729-o1\" \/><input type=\"hidden\" name=\"_wpcf7_container_post\" value=\"0\" \/><input type=\"hidden\" name=\"_wpcf7_posted_data_hash\" value=\"\" \/>\n<\/fieldset>\n<div class=\"vc_row\">\n\t<div class=\"wpb_column vc_col-sm-6\">\n\t\t<p><span class=\"wpcf7-form-control-wrap\" data-name=\"your-name\"><input size=\"40\" maxlength=\"400\" class=\"wpcf7-form-control wpcf7-text wpcf7-validates-as-required\" aria-required=\"true\" aria-invalid=\"false\" placeholder=\"Nombre y apellidos\" value=\"\" type=\"text\" name=\"your-name\" \/><\/span>\n\t\t<\/p>\n\t<\/div>\n\t<div class=\"wpb_column vc_col-sm-6\">\n\t\t<p><span class=\"wpcf7-form-control-wrap\" data-name=\"your-email\"><input size=\"40\" maxlength=\"400\" class=\"wpcf7-form-control wpcf7-email wpcf7-validates-as-required wpcf7-text wpcf7-validates-as-email\" aria-required=\"true\" aria-invalid=\"false\" placeholder=\"E-Mail\" value=\"\" type=\"email\" name=\"your-email\" \/><\/span>\n\t\t<\/p>\n\t<\/div>\n\t<div class=\"wpb_column vc_col-sm-12\">\n\t\t<p><span class=\"wpcf7-form-control-wrap\" data-name=\"current-business-located\"><input size=\"40\" maxlength=\"400\" class=\"wpcf7-form-control wpcf7-text wpcf7-validates-as-required\" aria-required=\"true\" aria-invalid=\"false\" placeholder=\"\u00bfD\u00f3nde se almacena actualmente su empresa?\" value=\"\" type=\"text\" name=\"current-business-located\" \/><\/span>\n\t\t<\/p>\n\t<\/div>\n\t<div class=\"wpb_column vc_col-sm-12\">\n\t\t<p><span class=\"wpcf7-form-control-wrap\" data-name=\"business-size\"><input size=\"40\" maxlength=\"400\" class=\"wpcf7-form-control wpcf7-text wpcf7-validates-as-required\" aria-required=\"true\" aria-invalid=\"false\" placeholder=\"\u00bfCu\u00e1l es el tama\u00f1o de su empresa?\" value=\"\" type=\"text\" name=\"business-size\" \/><\/span>\n\t\t<\/p>\n\t<\/div>\n\t<div class=\"wpb_column vc_col-sm-12\">\n\t\t<p><span class=\"wpcf7-form-control-wrap\" data-name=\"type-of-products-storing\"><input size=\"40\" maxlength=\"400\" class=\"wpcf7-form-control wpcf7-text wpcf7-validates-as-required\" aria-required=\"true\" aria-invalid=\"false\" placeholder=\"\u00bfQu\u00e9 tipo de productos almacena?\" value=\"\" type=\"text\" name=\"type-of-products-storing\" \/><\/span>\n\t\t<\/p>\n\t<\/div>\n\t<div class=\"wpb_column vc_col-sm-12\">\n\t\t<p><span class=\"wpcf7-form-control-wrap\" data-name=\"average-monthly-volume\"><input size=\"40\" maxlength=\"400\" class=\"wpcf7-form-control wpcf7-text wpcf7-validates-as-required\" aria-required=\"true\" aria-invalid=\"false\" placeholder=\"\u00bfCu\u00e1l es su volumen medio mensual?\" value=\"\" type=\"text\" name=\"average-monthly-volume\" \/><\/span>\n\t\t<\/p>\n\t<\/div>\n\t<div class=\"wpb_column vc_col-sm-12\">\n\t\t<p><span class=\"wpcf7-form-control-wrap\" data-name=\"space-size-needed\"><input size=\"40\" maxlength=\"400\" class=\"wpcf7-form-control wpcf7-text wpcf7-validates-as-required\" aria-required=\"true\" aria-invalid=\"false\" placeholder=\"\u00bfCu\u00e1nto espacio cree que necesitar\u00e1?\" value=\"\" type=\"text\" name=\"space-size-needed\" \/><\/span>\n\t\t<\/p>\n\t<\/div>\n\t<div class=\"wpb_column vc_col-sm-12\">\n\t\t<p><span class=\"wpcf7-form-control-wrap\" data-name=\"office-space-or-onsite-staff\"><input size=\"40\" maxlength=\"400\" class=\"wpcf7-form-control wpcf7-text wpcf7-validates-as-required\" aria-required=\"true\" aria-invalid=\"false\" placeholder=\"\u00bfNecesita oficinas o personal in situ?\" value=\"\" type=\"text\" name=\"office-space-or-onsite-staff\" \/><\/span>\n\t\t<\/p>\n\t<\/div>\n\t<div class=\"wpb_column vc_col-sm-12\">\n\t\t<p class=\"btn-form\"><input class=\"wpcf7-form-control wpcf7-submit has-spinner\" type=\"submit\" value=\"Submit\" \/>\n\t\t<\/p>\n\t<\/div>\n<\/div><div class=\"wpcf7-response-output\" aria-hidden=\"true\"><\/div>\n<input type=\"hidden\" name=\"trp-form-language\" value=\"es\"\/><\/form>\n<\/div>\n[\/vc_column][\/vc_row][vc_row full_width=&#8221;stretch_row&#8221; equal_height=&#8221;yes&#8221; el_class=&#8221;service-block-1&#8243; css=&#8221;.vc_custom_1668801266038{background-position: center !important;background-repeat: no-repeat !important;background-size: cover !important;}&#8221;][vc_column el_class=&#8221;service-block-col-1&#8243;][vc_column_text]\n<h2><b>Almacenamiento altamente optimizado y eficiente es nuestra norma<\/b><\/h2>\n<p><span style=\"font-weight: 400;\">Una empresa 3PL es tan buena como su gesti\u00f3n de almac\u00e9n. En Texas Logistic Services, utilizamos el software m\u00e1s avanzado para realizar un seguimiento de su inventario y sus pedidos. De esta manera, siempre se puede realizar un seguimiento de los niveles de inventario y el movimiento del producto.<\/span><\/p>\n<p><span style=\"font-weight: 400;\">Ofrecemos una amplia gama de servicios de gesti\u00f3n de inventarios para ahorrarle tiempo y dinero. Podemos personalizar una soluci\u00f3n que se adapte a sus necesidades, tanto si necesita ayuda con c\u00f3digos de barras y seguimiento, recuento c\u00edclico o cualquier otra cosa. Deje que nos ocupemos de su inventario para que pueda centrarse en dirigir su negocio.<\/span><\/p>\n<p><span style=\"font-weight: 400;\">Por eso tambi\u00e9n ofrecemos un programa de entrega en 1-2 d\u00edas para todos nuestros clientes. Nuestro almac\u00e9n procesar\u00e1 con precisi\u00f3n todos y cada uno de los art\u00edculos de su inventario en un plazo de 1-2 d\u00edas desde su llegada. De este modo, podr\u00e1 comercializar sus productos m\u00e1s r\u00e1pidamente y generar ingresos antes. Y gracias a nuestras carretillas elevadoras de \u00faltima generaci\u00f3n y otros equipos de manipulaci\u00f3n de materiales, disponemos de todas las herramientas adecuadas para manipular sus productos.<\/span><\/p>\n<h2><b>Ofrecemos kits e insertos.<\/b><\/h2>\n<p><span style=\"font-weight: 400;\">El kitting y los encartes son dos de los servicios m\u00e1s solicitados por nuestros clientes. Podemos combinar los productos que necesita enviar en un c\u00f3modo paquete. Este servicio es perfecto para los minoristas en l\u00ednea que desean ofrecer a sus clientes una soluci\u00f3n completa en lugar de art\u00edculos individuales.<\/span><\/p>\n<p><span style=\"font-weight: 400;\">As your 3PL warehouse provider, we offer services such as kitting, light assembly, marketing inserts, and more. We encourage you to take advantage of our capabilities to help you grow your business! <\/span><a href=\"https:\/\/texaslogisticservices.com\/es\/contact-us\/\"><span style=\"font-weight: 400;\">P\u00f3ngase en contacto con nosotros<\/span><\/a><span style=\"font-weight: 400;\"> hoy en <\/span><a href=\"tel:346-766-2151\"><span style=\"font-weight: 400;\">346-766-2151<\/span><\/a><span style=\"font-weight: 400;\">y d\u00e9jenos hacer el trabajo mientras usted se centra en lo que mejor sabe hacer.<\/span><\/p>\n<h2><b>Estamos orgullosos de la satisfacci\u00f3n de nuestros clientes.<\/b><\/h2>\n<p><span style=\"font-weight: 400;\">Client satisfaction is our number one priority. We offer a wide range of services to meet the needs of every one of our clients. We handle everything from <\/span><a href=\"https:\/\/texaslogisticservices.com\/es\/3pl-logistics-services\/3pl-warehousing\/\"><span style=\"font-weight: 400;\">warehousing<\/span><\/a><span style=\"font-weight: 400;\"> y <\/span><a href=\"https:\/\/texaslogisticservices.com\/es\/3pl-logistics-services\/3pl-fulfillment\/\"><span style=\"font-weight: 400;\">fulfillment<\/span><\/a><span style=\"font-weight: 400;\"> to transportation and logistics. And if there\u2019s something we don\u2019t offer, we\u2019ll find a way to get it done so your business can flourish.<\/span><\/p>\n<p><span style=\"font-weight: 400;\">Entendemos que no hay dos empresas iguales. Entonces, \u00bfpor qu\u00e9 deber\u00edan ser iguales sus soluciones de almacenamiento y distribuci\u00f3n? En Texas Logistic Services, ofrecemos soluciones personalizadas de almacenamiento y distribuci\u00f3n dise\u00f1adas para satisfacer sus necesidades espec\u00edficas. Ya sea que necesite almacenamiento a largo plazo o una soluci\u00f3n temporal, lo tenemos cubierto. Y junto con nuestros precios competitivos en todos los servicios 3PL, somos capaces de darle el mejor valor posible sin sacrificar la calidad o el servicio.<\/span><\/p>\n<p><span style=\"font-weight: 400;\">Para garantizar una responsabilidad total por nuestra parte, contamos con un avanzado sistema de informes dise\u00f1ado para proporcionarle la informaci\u00f3n que necesita en el momento en que la necesita. Con los informes de inventario en tiempo real, siempre sabr\u00e1 lo que hay en stock, lo que se est\u00e1 enviando y lo que hay que pedir de nuevo.<\/span><\/p>\n<h2><b>Entonces, \u00bfpor qu\u00e9 elegir Texas Logistic Services?<\/b><\/h2>\n<p><span style=\"font-weight: 400;\">Cuando se asocia con nosotros, puede estar seguro de que trabaja con una empresa comprometida con la excelencia. Siempre estamos buscando nuevas formas de mejorar nuestros servicios y superar las expectativas de nuestros clientes. \u00c9stas son s\u00f3lo algunas de las razones por las que debe elegir Texas Logistic Services:<\/span><\/p>\n<ul>\n<li style=\"font-weight: 400;\" aria-level=\"1\"><span style=\"font-weight: 400;\">Somos una ventanilla \u00fanica para todas sus necesidades log\u00edsticas.<\/span><\/li>\n<li style=\"font-weight: 400;\" aria-level=\"1\"><span style=\"font-weight: 400;\">Estamos comprometidos con la excelencia.<\/span><\/li>\n<li style=\"font-weight: 400;\" aria-level=\"1\"><span style=\"font-weight: 400;\">Siempre buscamos nuevas formas de mejorar.<\/span><\/li>\n<li style=\"font-weight: 400;\" aria-level=\"1\"><span style=\"font-weight: 400;\">Estamos aqu\u00ed para ayudarle a triunfar.<\/span><\/li>\n<\/ul>\n<p><span style=\"font-weight: 400;\">If you\u2019re looking for a partner who can help you streamline your operations and improve your bottom line, <\/span><a href=\"https:\/\/texaslogisticservices.com\/es\/contact-us\/\"><span style=\"font-weight: 400;\">contact Texas Logistic Services<\/span><\/a><span style=\"font-weight: 400;\"> hoy en <\/span><a href=\"tel:832-955-5334\"><span style=\"font-weight: 400;\">346-766-2151<\/span><\/a><span style=\"font-weight: 400;\">. We\u2019ll be happy to discuss our services and how we can help you achieve your goals.<\/span><\/p>\n<h2><b>Almacenamiento 3PL con nosotros<\/b><\/h2>\n<p><span style=\"font-weight: 400;\">Como su proveedor 3PL, trabajaremos con usted para desarrollar una soluci\u00f3n log\u00edstica personalizada que satisfaga sus necesidades espec\u00edficas. Estamos orgullosos de ofrecer las siguientes ventajas a nuestros clientes:<\/span><\/p>\n<ul>\n<li style=\"font-weight: 400;\" aria-level=\"1\"><span style=\"font-weight: 400;\"><strong>Improved efficiency:<\/strong> Le ayudaremos a racionalizar sus operaciones y reducir costes.<\/span><\/li>\n<li style=\"font-weight: 400;\" aria-level=\"1\"><span style=\"font-weight: 400;\"><strong>In-depth knowledge:<\/strong> Nuestro equipo tiene una amplia experiencia en el sector de la log\u00edstica, y utilizaremos nuestros conocimientos para ayudarle a alcanzar el \u00e9xito.<\/span><\/li>\n<li style=\"font-weight: 400;\" aria-level=\"1\"><span style=\"font-weight: 400;\"><strong>Increased flexibility:<\/strong> Ofrecemos una amplia gama de servicios, por lo que podemos ayudarle a personalizar la mejor soluci\u00f3n para satisfacer sus necesidades.<\/span><\/li>\n<\/ul>\n<h2><b>Trabajemos juntos<\/b><\/h2>\n<p><span style=\"font-weight: 400;\">Creemos que nuestro \u00e9xito est\u00e1 directamente relacionado con el \u00e9xito de nuestros clientes, por lo que siempre vamos m\u00e1s all\u00e1 para asegurarnos de que nuestros clientes est\u00e9n satisfechos con nuestros servicios. Si est\u00e1 buscando un proveedor 3PL profesional y atento en el que pueda confiar, no busque m\u00e1s all\u00e1 de Texas Logistic Services. Trabajaremos con usted para encontrar la mejor soluci\u00f3n posible para las necesidades espec\u00edficas de su negocio.<\/span>[\/vc_column_text][\/vc_column][\/vc_row][vc_row full_width=&#8221;stretch_row&#8221; equal_height=&#8221;yes&#8221; content_placement=&#8221;middle&#8221; css=&#8221;.vc_custom_1655310312315{padding-top: 30px !important;padding-bottom: 30px !important;background-color: #ce0e2d !important;}&#8221; el_class=&#8221;home-cta-row&#8221;][vc_column width=&#8221;1\/2&#8243;][norebro_text text_color=&#8221;#ffffff&#8221;]\n<h4>Minimize Time Between Your Wholesalers, Retailers, and Direct Customers<\/h4>\n<p>Call us today to get started![\/norebro_text][\/vc_column][vc_column width=&#8221;1\/2&#8243; el_class=&#8221;cta-btn-col&#8221;][norebro_text]<a class=\"phone-num\" href=\"tel:832-955-5334\"> 346-766-2151<\/a> Or <a class=\"btn-cta\" href=\"\/es\/contact\/\">Contacto<\/a>[\/norebro_text][\/vc_column][\/vc_row]","protected":false},"excerpt":{"rendered":"<p>[vc_row full_width=&#8221;stretch_row&#8221; equal_height=&#8221;yes&#8221; el_class=&#8221;service-block-1&#8243; css=&#8221;.vc_custom_1668801266038{background-position: center !important;background-repeat: no-repeat !important;background-size: cover !important;}&#8221;][vc_column el_class=&#8221;service-block-col-1&#8243;][vc_raw_html]JTNDaDMlM0UlM0NzcGFuJTIwY2xhc3MlM0QlMjJmYXMlMjBmYS1wZW9wbGUtY2FycnklMjIlM0UlM0MlMkZzcGFuJTNFJTIwM1BMJTIwJTNDc3BhbiUyMGNsYXNzJTNEJTIycmVkJTIyJTNFV2FyZWhvdXNpbmclM0MlMkZzcGFuJTNFJTNDJTJGaDMlM0U=[\/vc_raw_html][norebro_text]Most businesses have&#8230;<\/p>","protected":false},"author":13,"featured_media":612,"parent":304,"menu_order":0,"comment_status":"closed","ping_status":"closed","template":"","meta":{"_joinchat":[],"footnotes":""},"class_list":["post-356","page","type-page","status-publish","has-post-thumbnail","hentry"],"acf":[],"aioseo_notices":[],"_links":{"self":[{"href":"https:\/\/texaslogisticservices.com\/es\/wp-json\/wp\/v2\/pages\/356","targetHints":{"allow":["GET"]}}],"collection":[{"href":"https:\/\/texaslogisticservices.com\/es\/wp-json\/wp\/v2\/pages"}],"about":[{"href":"https:\/\/texaslogisticservices.com\/es\/wp-json\/wp\/v2\/types\/page"}],"author":[{"embeddable":true,"href":"https:\/\/texaslogisticservices.com\/es\/wp-json\/wp\/v2\/users\/13"}],"replies":[{"embeddable":true,"href":"https:\/\/texaslogisticservices.com\/es\/wp-json\/wp\/v2\/comments?post=356"}],"version-history":[{"count":0,"href":"https:\/\/texaslogisticservices.com\/es\/wp-json\/wp\/v2\/pages\/356\/revisions"}],"up":[{"embeddable":true,"href":"https:\/\/texaslogisticservices.com\/es\/wp-json\/wp\/v2\/pages\/304"}],"wp:featuredmedia":[{"embeddable":true,"href":"https:\/\/texaslogisticservices.com\/es\/wp-json\/wp\/v2\/media\/612"}],"wp:attachment":[{"href":"https:\/\/texaslogisticservices.com\/es\/wp-json\/wp\/v2\/media?parent=356"}],"curies":[{"name":"wp","href":"https:\/\/api.w.org\/{rel}","templated":true}]}}