{"id":1610,"date":"2023-04-10T15:34:34","date_gmt":"2023-04-10T15:34:34","guid":{"rendered":"https:\/\/texaslogisticservices.com\/?page_id=1610"},"modified":"2025-08-11T21:53:53","modified_gmt":"2025-08-11T21:53:53","slug":"dry-food-storage-warehousing-old","status":"publish","type":"page","link":"https:\/\/texaslogisticservices.com\/es\/dry-food-storage-warehousing-old\/","title":{"rendered":"Dry Food Storage Warehousing old"},"content":{"rendered":"[vc_row][vc_column][vc_column_text]\n\n\n<\/p>\n<h2 class=\"wp-block-heading\">Almacenamiento de alimentos secos<\/h2>\n\n\n<p><\/p>\n\n\nHave you been burned before by warehouses with dry food storage without temperature control? <a href=\"https:\/\/texaslogisticservices.com\/es\/\">Servicios Log\u00edsticos y de Cumplimiento de Texas<\/a> has climate-controlled warehouse services, so your food retains quality.<\/p>\n\n\n<p><\/p>\n\n\nDry storage warehousing is an integral part of the food and grocery industries. It provides a clean and dry environment for canned goods, packaged snacks, and sauces. Our warehouses will also provide temperature control to prevent a product from freezing or melting. In addition, our dry storage must also account for humidity to prevent any damage or spoilage to the product.<\/p>\n\n\n\n<p class=\"has-text-align-center\"><img fetchpriority=\"high\" decoding=\"async\" src=\"https:\/\/lh5.googleusercontent.com\/yuJrSa1S4lf5eAj0q0Rb71RqdDaNURUcyyN6bXNIS05nTfNCURfLqcjEQp86nf0NjTzvA9_oMQ9K8D1oazHyTA4ITxyHeUpf6Y9hVzKkVfrCO91mN0TsjD-WBsDlt-G8Pr39l2rCAQIP2bfPLtaFx2s\" width=\"624\" height=\"345\"><\/p>\n\n\n<h2><\/h2>\n\n\nWhy Choose a Climate-Controlled Warehouse?<\/h2>\n\n\n<p><\/p>\n\n\n\u00bfPor qu\u00e9 es tan importante almacenar los alimentos secos en un almac\u00e9n de temperatura controlada? Almacenar sus alimentos secos en un almac\u00e9n de temperatura controlada mantiene la calidad de los productos alimentarios. Mantener los productos alimentarios en un entorno limpio y seco evita que se da\u00f1en por el moho. Adem\u00e1s, controlar la temperatura y la humedad del ambiente ayuda a evitar que los alimentos se estropeen o se pongan rancios.<\/p>\n\n\n<p><\/p>\n\n\nUtilizar nuestros servicios de almacenamiento en seco tiene muchas ventajas. Los almacenes de conservaci\u00f3n en seco ayudan a mantener los productos alimentarios frescos y libres de da\u00f1os. Tambi\u00e9n ayudan a evitar que los alimentos se estropeen o se pongan rancios. Adem\u00e1s, los almacenes secos ayudan a ahorrar dinero al evitar el desperdicio de alimentos. Sin control de la temperatura, algunos productos podr\u00edan congelarse o derretirse, lo que provocar\u00eda da\u00f1os en los productos y p\u00e9rdidas de dinero. Con nuestros almacenes, puede estar seguro de que todos sus productos permanecen a la temperatura adecuada, para que conserven su calidad y sigan siendo comestibles.<\/p>\n\n\n\n<h2 class=\"wp-block-heading\">Control de la humedad<\/h2>\n\n\n<p><\/p>\n\n\nOtro factor cr\u00edtico que hay que tener en cuenta a la hora de almacenar alimentos es la humedad. Muchos productos, como conservas, salsas y aperitivos envasados, deben almacenarse en un entorno de baja humedad, ya que los niveles elevados de humedad pueden provocar la aparici\u00f3n de moho o su deterioro. Nuestros almacenes cuentan con sistemas de control de la humedad que mantienen los niveles de humedad relativa lo suficientemente bajos como para evitar este tipo de incidentes.<\/p>\n\n\n\n<h2 class=\"wp-block-heading\">Fiabilidad y seguridad<\/h2>\n\n\n<p><\/p>\n\n\nEn Texas Logistic and Fulfillment Services, entendemos lo importante que es proteger sus valiosos activos de da\u00f1os o robos. Es por eso que ofrecemos soluciones fiables y seguras de almacenamiento en seco con monitoreo 24\/7 en nuestras instalaciones para garantizar la seguridad de sus productos d\u00eda y noche. Tambi\u00e9n disponemos de personal con experiencia en la manipulaci\u00f3n segura de distintos tipos de materiales para proteger sus productos de forma \u00f3ptima durante el transporte.<\/p>\n\n\n\n<h2 class=\"wp-block-heading\">What are the Benefits of Using a Dry Storage Warehouse?<\/h2>\n\n\n<p><\/p>\n\n\nDry storage warehouses are beneficial not only to the food industry but also to the environment. By preventing food waste, dry storage warehouses help to reduce greenhouse gas emissions. Greenhouse gas emissions are released when organic matter, such as food, decomposes in landfills. Therefore, by preventing food waste, dry storage warehouses are helping to reduce greenhouse gas emissions and fight climate change.<\/p>\n\n\n<p><\/p>\n\n\nFurthermore, dry storage warehouses help to keep food products safe from pests, mold, and bacteria. They also allow foods with different shelf life requirements to be stored together without spoiling each other. This helps to reduce costs associated with sorting, repacking, and storing food by shelf-life period. Additionally, dry storage warehouses can help to improve dry food longevity.<\/p>\n\n\n<p><\/p>\n\n\nA dry storage warehouse is integral to the food and grocery industries. It provides a clean and dry environment for foods which helps to preserve their quality. In addition, dry storage warehouses help to save money by preventing food waste, and they help to protect the environment by reducing greenhouse gas emissions. If you regularly store dry food products, consider using <a href=\"https:\/\/texaslogisticservices.com\/es\/\">Servicios Log\u00edsticos y de Cumplimiento de Texas<\/a>&#8216; dry storage warehouse services for your business.<\/p>\n\n\n<p><\/p>\n\n\nChoosing a climate-controlled warehouse for food storage is essential to successful product management within the food and grocery industries. It ensures temperature control, humidity control, reliability, security, and peace of mind that your valuable assets are safe from harm or theft while stored in our warehouses. If you\u2019re looking for a reliable dry storage solution for any material\u2014from canned goods to sauces\u2014get started with us today at Texas Logistic &amp; Fulfillment Services!<\/p>\n\n\n<p>&nbsp;<\/p>\n[\/vc_column_text][\/vc_column][\/vc_row][vc_row][vc_column][vc_cta h2=&#8221;Contact Us Today&#8221;][\/vc_cta]\n<div class=\"wpcf7 no-js\" id=\"wpcf7-f729-o1\" lang=\"en\" dir=\"ltr\" data-wpcf7-id=\"729\">\n<div class=\"screen-reader-response\"><p role=\"status\" aria-live=\"polite\" aria-atomic=\"true\"><\/p> <ul><\/ul><\/div>\n<form action=\"\/es\/wp-json\/wp\/v2\/pages\/1610#wpcf7-f729-o1\" method=\"post\" class=\"wpcf7-form init\" aria-label=\"Formulario de contacto\" novalidate=\"novalidate\" data-status=\"init\" data-trp-original-action=\"\/es\/wp-json\/wp\/v2\/pages\/1610#wpcf7-f729-o1\">\n<fieldset class=\"hidden-fields-container\"><input type=\"hidden\" name=\"_wpcf7\" value=\"729\" \/><input type=\"hidden\" name=\"_wpcf7_version\" value=\"6.1.3\" \/><input type=\"hidden\" name=\"_wpcf7_locale\" value=\"en\" \/><input type=\"hidden\" name=\"_wpcf7_unit_tag\" value=\"wpcf7-f729-o1\" \/><input type=\"hidden\" name=\"_wpcf7_container_post\" value=\"0\" \/><input type=\"hidden\" name=\"_wpcf7_posted_data_hash\" value=\"\" \/>\n<\/fieldset>\n<div class=\"vc_row\">\n\t<div class=\"wpb_column vc_col-sm-6\">\n\t\t<p><span class=\"wpcf7-form-control-wrap\" data-name=\"your-name\"><input size=\"40\" maxlength=\"400\" class=\"wpcf7-form-control wpcf7-text wpcf7-validates-as-required\" aria-required=\"true\" aria-invalid=\"false\" placeholder=\"Nombre y apellidos\" value=\"\" type=\"text\" name=\"your-name\" \/><\/span>\n\t\t<\/p>\n\t<\/div>\n\t<div class=\"wpb_column vc_col-sm-6\">\n\t\t<p><span class=\"wpcf7-form-control-wrap\" data-name=\"your-email\"><input size=\"40\" maxlength=\"400\" class=\"wpcf7-form-control wpcf7-email wpcf7-validates-as-required wpcf7-text wpcf7-validates-as-email\" aria-required=\"true\" aria-invalid=\"false\" placeholder=\"E-Mail\" value=\"\" type=\"email\" name=\"your-email\" \/><\/span>\n\t\t<\/p>\n\t<\/div>\n\t<div class=\"wpb_column vc_col-sm-12\">\n\t\t<p><span class=\"wpcf7-form-control-wrap\" data-name=\"current-business-located\"><input size=\"40\" maxlength=\"400\" class=\"wpcf7-form-control wpcf7-text wpcf7-validates-as-required\" aria-required=\"true\" aria-invalid=\"false\" placeholder=\"\u00bfD\u00f3nde se almacena actualmente su empresa?\" value=\"\" type=\"text\" name=\"current-business-located\" \/><\/span>\n\t\t<\/p>\n\t<\/div>\n\t<div class=\"wpb_column vc_col-sm-12\">\n\t\t<p><span class=\"wpcf7-form-control-wrap\" data-name=\"business-size\"><input size=\"40\" maxlength=\"400\" class=\"wpcf7-form-control wpcf7-text wpcf7-validates-as-required\" aria-required=\"true\" aria-invalid=\"false\" placeholder=\"\u00bfCu\u00e1l es el tama\u00f1o de su empresa?\" value=\"\" type=\"text\" name=\"business-size\" \/><\/span>\n\t\t<\/p>\n\t<\/div>\n\t<div class=\"wpb_column vc_col-sm-12\">\n\t\t<p><span class=\"wpcf7-form-control-wrap\" data-name=\"type-of-products-storing\"><input size=\"40\" maxlength=\"400\" class=\"wpcf7-form-control wpcf7-text wpcf7-validates-as-required\" aria-required=\"true\" aria-invalid=\"false\" placeholder=\"\u00bfQu\u00e9 tipo de productos almacena?\" value=\"\" type=\"text\" name=\"type-of-products-storing\" \/><\/span>\n\t\t<\/p>\n\t<\/div>\n\t<div class=\"wpb_column vc_col-sm-12\">\n\t\t<p><span class=\"wpcf7-form-control-wrap\" data-name=\"average-monthly-volume\"><input size=\"40\" maxlength=\"400\" class=\"wpcf7-form-control wpcf7-text wpcf7-validates-as-required\" aria-required=\"true\" aria-invalid=\"false\" placeholder=\"\u00bfCu\u00e1l es su volumen medio mensual?\" value=\"\" type=\"text\" name=\"average-monthly-volume\" \/><\/span>\n\t\t<\/p>\n\t<\/div>\n\t<div class=\"wpb_column vc_col-sm-12\">\n\t\t<p><span class=\"wpcf7-form-control-wrap\" data-name=\"space-size-needed\"><input size=\"40\" maxlength=\"400\" class=\"wpcf7-form-control wpcf7-text wpcf7-validates-as-required\" aria-required=\"true\" aria-invalid=\"false\" placeholder=\"\u00bfCu\u00e1nto espacio cree que necesitar\u00e1?\" value=\"\" type=\"text\" name=\"space-size-needed\" \/><\/span>\n\t\t<\/p>\n\t<\/div>\n\t<div class=\"wpb_column vc_col-sm-12\">\n\t\t<p><span class=\"wpcf7-form-control-wrap\" data-name=\"office-space-or-onsite-staff\"><input size=\"40\" maxlength=\"400\" class=\"wpcf7-form-control wpcf7-text wpcf7-validates-as-required\" aria-required=\"true\" aria-invalid=\"false\" placeholder=\"\u00bfNecesita oficinas o personal in situ?\" value=\"\" type=\"text\" name=\"office-space-or-onsite-staff\" \/><\/span>\n\t\t<\/p>\n\t<\/div>\n\t<div class=\"wpb_column vc_col-sm-12\">\n\t\t<p class=\"btn-form\"><input class=\"wpcf7-form-control wpcf7-submit has-spinner\" type=\"submit\" value=\"Submit\" \/>\n\t\t<\/p>\n\t<\/div>\n<\/div><div class=\"wpcf7-response-output\" aria-hidden=\"true\"><\/div>\n<input type=\"hidden\" name=\"trp-form-language\" value=\"es\"\/><\/form>\n<\/div>\n[\/vc_column][\/vc_row]","protected":false},"excerpt":{"rendered":"<p>[vc_row][vc_column][vc_column_text] Dry Food Storage Warehousing Have you been burned before by warehouses with dry&#8230;<\/p>","protected":false},"author":13,"featured_media":375,"parent":0,"menu_order":0,"comment_status":"closed","ping_status":"closed","template":"","meta":{"_joinchat":[],"footnotes":""},"class_list":["post-1610","page","type-page","status-publish","has-post-thumbnail","hentry"],"acf":[],"aioseo_notices":[],"_links":{"self":[{"href":"https:\/\/texaslogisticservices.com\/es\/wp-json\/wp\/v2\/pages\/1610","targetHints":{"allow":["GET"]}}],"collection":[{"href":"https:\/\/texaslogisticservices.com\/es\/wp-json\/wp\/v2\/pages"}],"about":[{"href":"https:\/\/texaslogisticservices.com\/es\/wp-json\/wp\/v2\/types\/page"}],"author":[{"embeddable":true,"href":"https:\/\/texaslogisticservices.com\/es\/wp-json\/wp\/v2\/users\/13"}],"replies":[{"embeddable":true,"href":"https:\/\/texaslogisticservices.com\/es\/wp-json\/wp\/v2\/comments?post=1610"}],"version-history":[{"count":0,"href":"https:\/\/texaslogisticservices.com\/es\/wp-json\/wp\/v2\/pages\/1610\/revisions"}],"wp:featuredmedia":[{"embeddable":true,"href":"https:\/\/texaslogisticservices.com\/es\/wp-json\/wp\/v2\/media\/375"}],"wp:attachment":[{"href":"https:\/\/texaslogisticservices.com\/es\/wp-json\/wp\/v2\/media?parent=1610"}],"curies":[{"name":"wp","href":"https:\/\/api.w.org\/{rel}","templated":true}]}}