{"id":1467,"date":"2023-03-07T14:57:25","date_gmt":"2023-03-07T14:57:25","guid":{"rendered":"https:\/\/texaslogisticservices.com\/?page_id=1467"},"modified":"2025-08-17T03:55:40","modified_gmt":"2025-08-17T03:55:40","slug":"small-office-space-available-old","status":"publish","type":"page","link":"https:\/\/texaslogisticservices.com\/es\/small-office-space-available-old\/","title":{"rendered":"Small Office Space Available old"},"content":{"rendered":"[vc_row][vc_column width=&#8221;1\/2&#8243;][vc_column_text]\n<h2>Oficinas<\/h2>\n<p><\/p>\n\n\nWhether you\u2019re a freelancer looking for a shared workspace or a small business owner seeking an affordable office, renting a small office space can be the perfect solution. Small office spaces are becoming increasingly popular with lower costs and more flexible options than larger spaces. Explore the benefits of leasing small office space with <a href=\"https:\/\/texaslogisticservices.com\/es\/\">Texas Logistic and Fulfillment Services.<\/a><\/p>\n\n\n\n\n<h2>Opci\u00f3n rentable<\/h2>\n<p><!-- \/wp:post-content --><\/p>\n<p><!-- wp:paragraph -->Una oficina peque\u00f1a significa un alquiler m\u00e1s bajo y menos gastos de mantenimiento. Eso hace que mantener el presupuesto bajo control sea mucho m\u00e1s manejable sin dejar de tener el entorno profesional que necesita para dirigir su negocio. No tiene que preocuparse de contratos de alquiler a largo plazo ni de muebles caros: todo lo que necesita es espacio suficiente para usted y los empleados que pueda tener. Si decide trasladarse o ampliar su negocio en el futuro, le resultar\u00e1 mucho m\u00e1s f\u00e1cil y barato hacerlo en un espacio m\u00e1s peque\u00f1o.<\/p>\n<h2>Opciones flexibles<\/h2>\n<p><!-- \/wp:paragraph --><\/p>\n<p><!-- wp:paragraph -->Las oficinas m\u00e1s peque\u00f1as tambi\u00e9n ofrecen mayor flexibilidad en cuanto al uso del espacio. Puede utilizarlo estrictamente como oficina o transformarlo en lo que mejor se adapte a sus necesidades empresariales, por ejemplo, zonas de reuniones, aulas o espacios de coworking. Esto le permite trabajar de forma m\u00e1s eficiente y sacar m\u00e1s partido a su espacio sin gastar dinero extra en reformas.<\/p>\n[\/vc_column_text][\/vc_column][vc_column width=&#8221;1\/2&#8243;][vc_cta h2=&#8221;If You Need Office Space. Contact Us Today.&#8221;][\/vc_cta]\n<div class=\"wpcf7 no-js\" id=\"wpcf7-f238-o1\" lang=\"en\" dir=\"ltr\" data-wpcf7-id=\"238\">\n<div class=\"screen-reader-response\"><p role=\"status\" aria-live=\"polite\" aria-atomic=\"true\"><\/p> <ul><\/ul><\/div>\n<form action=\"\/es\/wp-json\/wp\/v2\/pages\/1467#wpcf7-f238-o1\" method=\"post\" class=\"wpcf7-form init\" aria-label=\"Formulario de contacto\" novalidate=\"novalidate\" data-status=\"init\" data-trp-original-action=\"\/es\/wp-json\/wp\/v2\/pages\/1467#wpcf7-f238-o1\">\n<fieldset class=\"hidden-fields-container\"><input type=\"hidden\" name=\"_wpcf7\" value=\"238\" \/><input type=\"hidden\" name=\"_wpcf7_version\" value=\"6.1.3\" \/><input type=\"hidden\" name=\"_wpcf7_locale\" value=\"en\" \/><input type=\"hidden\" name=\"_wpcf7_unit_tag\" value=\"wpcf7-f238-o1\" \/><input type=\"hidden\" name=\"_wpcf7_container_post\" value=\"0\" \/><input type=\"hidden\" name=\"_wpcf7_posted_data_hash\" value=\"\" \/>\n<\/fieldset>\n<div class=\"vc_row\">\n\t<div class=\"wpb_column vc_col-sm-6\">\n\t\t<p><span class=\"wpcf7-form-control-wrap\" data-name=\"first-name\"><input size=\"40\" maxlength=\"400\" class=\"wpcf7-form-control wpcf7-text wpcf7-validates-as-required\" aria-required=\"true\" aria-invalid=\"false\" placeholder=\"First Name\" value=\"\" type=\"text\" name=\"first-name\" \/><\/span>\n\t\t<\/p>\n\t<\/div>\n\t<div class=\"wpb_column vc_col-sm-6\">\n\t\t<p><span class=\"wpcf7-form-control-wrap\" data-name=\"last-name\"><input size=\"40\" maxlength=\"400\" class=\"wpcf7-form-control wpcf7-text wpcf7-validates-as-required\" aria-required=\"true\" aria-invalid=\"false\" placeholder=\"Last Name\" value=\"\" type=\"text\" name=\"last-name\" \/><\/span>\n\t\t<\/p>\n\t<\/div>\n\t<div class=\"wpb_column vc_col-sm-6\">\n\t\t<p><span class=\"wpcf7-form-control-wrap\" data-name=\"your-email\"><input size=\"40\" maxlength=\"400\" class=\"wpcf7-form-control wpcf7-email wpcf7-validates-as-required wpcf7-text wpcf7-validates-as-email\" aria-required=\"true\" aria-invalid=\"false\" placeholder=\"E-Mail\" value=\"\" type=\"email\" name=\"your-email\" \/><\/span>\n\t\t<\/p>\n\t<\/div>\n\t<div class=\"wpb_column vc_col-sm-6\">\n\t\t<p><span class=\"wpcf7-form-control-wrap\" data-name=\"your-phone\"><input size=\"40\" maxlength=\"400\" class=\"wpcf7-form-control wpcf7-text wpcf7-validates-as-required\" aria-required=\"true\" aria-invalid=\"false\" placeholder=\"Tel\u00e9fono\" value=\"\" type=\"text\" name=\"your-phone\" \/><\/span>\n\t\t<\/p>\n\t<\/div>\n\t<div class=\"wpb_column vc_col-sm-6\">\n\t\t<p><span class=\"wpcf7-form-control-wrap\" data-name=\"company-name\"><input size=\"40\" maxlength=\"400\" class=\"wpcf7-form-control wpcf7-text wpcf7-validates-as-required\" aria-required=\"true\" aria-invalid=\"false\" placeholder=\"Company Name\" value=\"\" type=\"text\" name=\"company-name\" \/><\/span>\n\t\t<\/p>\n\t<\/div>\n\t<div class=\"wpb_column vc_col-sm-6\">\n\t\t<p><span class=\"wpcf7-form-control-wrap\" data-name=\"company-website\"><input size=\"40\" maxlength=\"400\" class=\"wpcf7-form-control wpcf7-text wpcf7-validates-as-required\" aria-required=\"true\" aria-invalid=\"false\" placeholder=\"Company Website\" value=\"\" type=\"text\" name=\"company-website\" \/><\/span>\n\t\t<\/p>\n\t<\/div>\n\t<div class=\"wpb_column vc_col-sm-12\">\n\t\t<p><span class=\"wpcf7-form-control-wrap\" data-name=\"your-message\"><textarea cols=\"40\" rows=\"10\" maxlength=\"2000\" class=\"wpcf7-form-control wpcf7-textarea\" aria-invalid=\"false\" placeholder=\"Type your message here\" name=\"your-message\"><\/textarea><\/span>\n\t\t<\/p>\n\t\t<p class=\"btn-form\"><input class=\"wpcf7-form-control wpcf7-submit has-spinner\" type=\"submit\" value=\"Send Message\" \/>\n\t\t<\/p>\n\t<\/div>\n<\/div><div class=\"wpcf7-response-output\" aria-hidden=\"true\"><\/div>\n<input type=\"hidden\" name=\"trp-form-language\" value=\"es\"\/><\/form>\n<\/div>\n[\/vc_column][\/vc_row][vc_row][vc_column][vc_column_text]<!-- \/wp:paragraph --><\/p>\n<p><!-- wp:heading \/--><br>\n<!-- wp:heading --><\/p>\n<h2>Mayor privacidad<\/h2>\n<p><!-- \/wp:heading --><\/p>\n<p><!-- wp:paragraph -->Finally, renting a smaller office space gives you greater privacy than working from home or using public spaces like coffee shops and libraries. Your private workspace makes it easier to focus on tasks without distraction, allowing you to stay productive in a comfortable environment tailored specifically to your business needs.<\/p>\n<p><!-- \/wp:paragraph --><\/p>\n<p><!-- wp:paragraph -->Renting out a small office space can benefit freelancers and businesses alike. With lower costs than large workspaces and more flexible options, plus the bonus of greater privacy compared to public spaces like cafes or libraries, renting out a small office offers unbeatable convenience and value for money \u2013 making it the perfect choice for those who want an affordable option that provides them with everything they need from <a href=\"https:\/\/texaslogisticservices.com\/es\/\">Servicios Log\u00edsticos y de Cumplimiento de Texas<\/a>.<\/p>\n<p><!-- \/wp:paragraph --><\/p>\n<p>&nbsp;<\/p>\n[\/vc_column_text][\/vc_column][\/vc_row]","protected":false},"excerpt":{"rendered":"<p>[vc_row][vc_column width=&#8221;1\/2&#8243;][vc_column_text] Office Space Whether you\u2019re a freelancer looking for a shared workspace or&#8230;<\/p>","protected":false},"author":13,"featured_media":1621,"parent":0,"menu_order":0,"comment_status":"closed","ping_status":"closed","template":"","meta":{"_joinchat":[],"footnotes":""},"class_list":["post-1467","page","type-page","status-publish","has-post-thumbnail","hentry"],"acf":[],"aioseo_notices":[],"_links":{"self":[{"href":"https:\/\/texaslogisticservices.com\/es\/wp-json\/wp\/v2\/pages\/1467","targetHints":{"allow":["GET"]}}],"collection":[{"href":"https:\/\/texaslogisticservices.com\/es\/wp-json\/wp\/v2\/pages"}],"about":[{"href":"https:\/\/texaslogisticservices.com\/es\/wp-json\/wp\/v2\/types\/page"}],"author":[{"embeddable":true,"href":"https:\/\/texaslogisticservices.com\/es\/wp-json\/wp\/v2\/users\/13"}],"replies":[{"embeddable":true,"href":"https:\/\/texaslogisticservices.com\/es\/wp-json\/wp\/v2\/comments?post=1467"}],"version-history":[{"count":0,"href":"https:\/\/texaslogisticservices.com\/es\/wp-json\/wp\/v2\/pages\/1467\/revisions"}],"wp:featuredmedia":[{"embeddable":true,"href":"https:\/\/texaslogisticservices.com\/es\/wp-json\/wp\/v2\/media\/1621"}],"wp:attachment":[{"href":"https:\/\/texaslogisticservices.com\/es\/wp-json\/wp\/v2\/media?parent=1467"}],"curies":[{"name":"wp","href":"https:\/\/api.w.org\/{rel}","templated":true}]}}